{"id":8470,"date":"2025-02-14T16:50:52","date_gmt":"2025-02-14T16:50:52","guid":{"rendered":"https:\/\/www.kgo-stangar.si\/kuhinja-za-kucanstvo-od-nehrdajuceg-celika\/"},"modified":"2026-04-11T10:05:50","modified_gmt":"2026-04-11T08:05:50","slug":"kuhinja-za-kucanstvo-od-nehrdajuceg-celika","status":"publish","type":"page","link":"https:\/\/www.kgo-stangar.si\/hr\/kuhinja-za-kucanstvo-od-nehrdajuceg-celika\/","title":{"rendered":"Kuhinja za ku\u0107anstvo od nehr\u0111aju\u0107eg \u010delika"},"content":{"rendered":"\n\n\t<h1>\n\t\t\t\t\u00a0Gospodinjske kuhinje v inox izvedbi <br \/>\n\t\t\t<\/h1>\n\t<h2>\n\t\t\t\tGospodinjske kuhinje v inox izvedbi\n\t\t\t<\/h2>\n\t<h2 data-path-to-node=\"2\">Inox kuhinja po meri: Profesionalna zmogljivost v osr\u010dju va\u0161ega doma<\/h2>\n<b data-path-to-node=\"3\" data-index-in-node=\"0\">I\u0161\u010dete popolno ravnovesje med industrijsko vzdr\u017eljivostjo in modernim dizajnom?<\/b>\nNa\u0161e inox kuhinje po naro\u010dilu so ustvarjene za tiste, ki od svojega kuhinjskega prostora pri\u010dakujejo ve\u010d. To ni le delovna povr\u0161ina; je vsestranska in cenovno dostopna re\u0161itev s pridihom <b data-path-to-node=\"4\" data-index-in-node=\"187\">profesionalne kuhinje<\/b>, ki v va\u0161 dom prinese estetiko vrhunskih restavracij.\n<h3 data-path-to-node=\"5\">Zakaj izbrati na\u0161o inox kuhinjo?<\/h3>\nNe glede na to, ali se \u017eelite s kuho ukvarjati poklicno ali pa za svojo dru\u017eino pripraviti obrok s petimi zvezdicami, na\u0161e kuhinje izpolnijo vse va\u0161e potrebe:\n<ul data-path-to-node=\"7\">\n<li>\n<b data-path-to-node=\"7,0,0\" data-index-in-node=\"0\">Prilagojeno va\u0161emu prostoru:<\/b> Vsak element izdelamo po naro\u010dilu, kar zagotavlja popolno prileganje va\u0161i tlorisni zasnovi.\n<\/li>\n<li>\n<b data-path-to-node=\"7,1,0\" data-index-in-node=\"0\">Neprimerljiva higiena:<\/b> Nerjavno jeklo je neporozno, odporno na bakterije in izjemno enostavno za \u010di\u0161\u010denje.\n<\/li>\n<li>\n<b data-path-to-node=\"7,2,0\" data-index-in-node=\"0\">Vzdr\u017eljivost za generacije:<\/b> Odporna na toploto, udarce in vlago &#8211; va\u0161a kuhinja bo ostala sijo\u010da tudi po letih intenzivne uporabe.\n<\/li>\n<li>\n<b data-path-to-node=\"7,3,0\" data-index-in-node=\"0\">Brez\u010dasen dizajn:<\/b> Minimalisti\u010den videz se poda tako k industrijskemu stilu kot k modernemu minimalizmu.\n<\/li>\n<\/ul>\n<p><strong>Gospodinjska kuhinjo<\/strong> lahko izdelamo v <strong>inox izvedbi<\/strong>. <strong>Inox pult s pomivalnim koritom<\/strong>, z <strong>vgradno pe\u010dico<\/strong>, <strong>kuhalno plo\u0161\u010do<\/strong>, <strong>pomivalnim strojem<\/strong> in <strong>hladilnikom<\/strong>.<\/p>\n<figure itemscope itemtype=\"https:\/\/schema.org\/ImageObject\">\n\t\t\t\t<img decoding=\"async\" src=\"http:\/\/www.kgo-stangar.si\/wp-content\/uploads\/2020\/12\/inox-gospodinjska-kuhinja-oblozena-z-umetnim-granitom-na-morju-1.jpg\" alt=\"inox-gospodinjska-kuhinja-oblozena-z-umetnim-granitom-na-morju\" title=\"inox-gospodinjska-kuhinja-oblozena-z-umetnim-granitom-na-morju\" onerror=\"this.style.display='none'\" loading=\"lazy\" \/>\n\t<\/figure>\n\t<p>Pult je lahko izdelan v <strong>pra\u0161no barvani izvedbi<\/strong>, po <strong>RAL barvni lestvici<\/strong>. Delovno povr\u0161ino lahko izdelamo <strong>debeline 2 mm<\/strong>.<\/p>\n\t<p>Inox kuhinje za na terase.<\/p>\n\t<p>Po naro\u010dilu izdelujemo tudi kuhinjske otoke iz inoxa.<\/p>\n\t<h3>\n\t\t\t\tPotrebujete ponudbo?\n\t\t\t<\/h3>\n\t\t\t<a href=\"#\" title=\"Kontaktirajte nas\" target=\"_self\"   role=\"button\" aria-label=\"Kontaktirajte nas\">\n\t\t\t\t\t\t\tKontaktirajte nas\n\t\t<\/a>\n\t\t\t\t<img decoding=\"async\" src=\"http:\/\/www.kgo-stangar.si\/wp-content\/uploads\/2021\/04\/kgo-logo-red-1.png\" alt=\"kgo-logo-red-1\" title=\"kgo-logo-red-1\" itemprop=\"image\"\/>\n\t<h4>\n\t\t\t\tPokli\u010demo vas nazaj\n\t\t\t<\/h4>\n\t<div class=\"wpforms-container \" id=\"wpforms-10\"><form id=\"wpforms-form-10\" class=\"wpforms-validate wpforms-form\" data-formid=\"10\" method=\"post\" enctype=\"multipart\/form-data\" action=\"\/hr\/wp-json\/wp\/v2\/pages\/8470\" data-token=\"9bddcf0f51860dbd8a18b9edec103cad\" data-token-time=\"1777823179\"><noscript class=\"wpforms-error-noscript\">Please enable JavaScript in your browser to complete this form.<\/noscript><div class=\"wpforms-field-container\"><\/div><!-- .wpforms-field-container --><div class=\"wpforms-field wpforms-field-hp\"><label for=\"wpforms-10-field-hp\" class=\"wpforms-field-label\">Phone<\/label><input type=\"text\" name=\"wpforms[hp]\" id=\"wpforms-10-field-hp\" class=\"wpforms-field-medium\"><\/div><\/form><\/div>  <!-- .wpforms-container -->\n\t<h4>\n\t\t\t\tHitre povezave\n\t\t\t<\/h4>\n\t<ul>\n\t\t<li><a href=\"#\" target=\"_self\"  aria-label=\"Go to #\"><p>Reference<\/p><\/a><\/li><li><a href=\"#\" target=\"_self\"  aria-label=\"Go to #\">Program<\/a><\/li>\t<\/ul>\n\t<h4>\n\t\t\t\tStopite v stik\n\t\t\t<\/h4>\n\t<h4>\n\t\t\t\t+386 41 758 218\n\t\t\t<\/h4>\n\t<ul>\n\t\t<li><p>Delovni \u010das:<\/p><\/li><li>7:00 &#8211; 15:00<\/li><li>E: pavel.stangar@gmail.com<\/li>\t<\/ul>\n\n","protected":false},"excerpt":{"rendered":"<p>\u00a0Gospodinjske kuhinje v inox izvedbi Gospodinjske kuhinje v inox izvedbi Inox kuhinja po meri: Profesionalna zmogljivost v osr\u010dju va\u0161ega doma I\u0161\u010dete popolno ravnovesje med industrijsko vzdr\u017eljivostjo in modernim dizajnom? Na\u0161e inox kuhinje po naro\u010dilu so ustvarjene za tiste, ki od svojega kuhinjskega prostora pri\u010dakujejo ve\u010d. To ni le delovna povr\u0161ina; je vsestranska in cenovno dostopna [&hellip;]<\/p>\n","protected":false},"author":1,"featured_media":0,"parent":0,"menu_order":0,"comment_status":"closed","ping_status":"closed","template":"","meta":{"site-sidebar-layout":"no-sidebar","site-content-layout":"page-builder","ast-site-content-layout":"full-width-container","site-content-style":"unboxed","site-sidebar-style":"unboxed","ast-global-header-display":"","ast-banner-title-visibility":"","ast-main-header-display":"","ast-hfb-above-header-display":"","ast-hfb-below-header-display":"","ast-hfb-mobile-header-display":"","site-post-title":"disabled","ast-breadcrumbs-content":"","ast-featured-img":"disabled","footer-sml-layout":"","ast-disable-related-posts":"","theme-transparent-header-meta":"default","adv-header-id-meta":"","stick-header-meta":"default","header-above-stick-meta":"","header-main-stick-meta":"","header-below-stick-meta":"","astra-migrate-meta-layouts":"default","ast-page-background-enabled":"default","ast-page-background-meta":{"desktop":{"background-color":"","background-image":"","background-repeat":"repeat","background-position":"center center","background-size":"auto","background-attachment":"scroll","background-type":"","background-media":"","overlay-type":"","overlay-color":"","overlay-opacity":"","overlay-gradient":""},"tablet":{"background-color":"","background-image":"","background-repeat":"repeat","background-position":"center center","background-size":"auto","background-attachment":"scroll","background-type":"","background-media":"","overlay-type":"","overlay-color":"","overlay-opacity":"","overlay-gradient":""},"mobile":{"background-color":"","background-image":"","background-repeat":"repeat","background-position":"center center","background-size":"auto","background-attachment":"scroll","background-type":"","background-media":"","overlay-type":"","overlay-color":"","overlay-opacity":"","overlay-gradient":""}},"ast-content-background-meta":{"desktop":{"background-color":"var(--ast-global-color-5)","background-image":"","background-repeat":"repeat","background-position":"center center","background-size":"auto","background-attachment":"scroll","background-type":"","background-media":"","overlay-type":"","overlay-color":"","overlay-opacity":"","overlay-gradient":""},"tablet":{"background-color":"var(--ast-global-color-5)","background-image":"","background-repeat":"repeat","background-position":"center center","background-size":"auto","background-attachment":"scroll","background-type":"","background-media":"","overlay-type":"","overlay-color":"","overlay-opacity":"","overlay-gradient":""},"mobile":{"background-color":"var(--ast-global-color-5)","background-image":"","background-repeat":"repeat","background-position":"center center","background-size":"auto","background-attachment":"scroll","background-type":"","background-media":"","overlay-type":"","overlay-color":"","overlay-opacity":"","overlay-gradient":""}},"pgc_sgb_lightbox_settings":"","footnotes":""},"class_list":["post-8470","page","type-page","status-publish","hentry"],"yoast_head":"<!-- This site is optimized with the Yoast SEO plugin v26.8 - https:\/\/yoast.com\/product\/yoast-seo-wordpress\/ -->\n<title>Kuhinja za ku\u0107anstvo od nehr\u0111aju\u0107eg \u010delika - Gostinska oprema KGO<\/title>\n<meta name=\"robots\" content=\"index, follow, max-snippet:-1, max-image-preview:large, max-video-preview:-1\" \/>\n<link rel=\"canonical\" href=\"https:\/\/www.kgo-stangar.si\/hr\/kuhinja-za-kucanstvo-od-nehrdajuceg-celika\/\" \/>\n<meta property=\"og:locale\" content=\"hr_HR\" \/>\n<meta property=\"og:type\" content=\"article\" \/>\n<meta property=\"og:title\" content=\"Kuhinja za ku\u0107anstvo od nehr\u0111aju\u0107eg \u010delika - Gostinska oprema KGO\" \/>\n<meta property=\"og:description\" content=\"\u00a0Gospodinjske kuhinje v inox izvedbi Gospodinjske kuhinje v inox izvedbi Inox kuhinja po meri: Profesionalna zmogljivost v osr\u010dju va\u0161ega doma I\u0161\u010dete popolno ravnovesje med industrijsko vzdr\u017eljivostjo in modernim dizajnom? Na\u0161e inox kuhinje po naro\u010dilu so ustvarjene za tiste, ki od svojega kuhinjskega prostora pri\u010dakujejo ve\u010d. To ni le delovna povr\u0161ina; je vsestranska in cenovno dostopna [&hellip;]\" \/>\n<meta property=\"og:url\" content=\"https:\/\/www.kgo-stangar.si\/hr\/kuhinja-za-kucanstvo-od-nehrdajuceg-celika\/\" \/>\n<meta property=\"og:site_name\" content=\"Gostinska oprema KGO\" \/>\n<meta property=\"article:modified_time\" content=\"2026-04-11T08:05:50+00:00\" \/>\n<meta property=\"og:image\" content=\"http:\/\/www.kgo-stangar.si\/wp-content\/uploads\/2020\/12\/inox-gospodinjska-kuhinja-oblozena-z-umetnim-granitom-na-morju-1.jpg\" \/>\n<meta name=\"twitter:card\" content=\"summary_large_image\" \/>\n<meta name=\"twitter:label1\" content=\"Procijenjeno vrijeme \u010ditanja\" \/>\n\t<meta name=\"twitter:data1\" content=\"1 minuta\" \/>\n<script type=\"application\/ld+json\" class=\"yoast-schema-graph\">{\"@context\":\"https:\/\/schema.org\",\"@graph\":[{\"@type\":\"WebPage\",\"@id\":\"https:\/\/www.kgo-stangar.si\/hr\/kuhinja-za-kucanstvo-od-nehrdajuceg-celika\/\",\"url\":\"https:\/\/www.kgo-stangar.si\/hr\/kuhinja-za-kucanstvo-od-nehrdajuceg-celika\/\",\"name\":\"Kuhinja za ku\u0107anstvo od nehr\u0111aju\u0107eg \u010delika - Gostinska oprema KGO\",\"isPartOf\":{\"@id\":\"https:\/\/www.kgo-stangar.si\/#website\"},\"primaryImageOfPage\":{\"@id\":\"https:\/\/www.kgo-stangar.si\/hr\/kuhinja-za-kucanstvo-od-nehrdajuceg-celika\/#primaryimage\"},\"image\":{\"@id\":\"https:\/\/www.kgo-stangar.si\/hr\/kuhinja-za-kucanstvo-od-nehrdajuceg-celika\/#primaryimage\"},\"thumbnailUrl\":\"http:\/\/www.kgo-stangar.si\/wp-content\/uploads\/2020\/12\/inox-gospodinjska-kuhinja-oblozena-z-umetnim-granitom-na-morju-1.jpg\",\"datePublished\":\"2025-02-14T16:50:52+00:00\",\"dateModified\":\"2026-04-11T08:05:50+00:00\",\"breadcrumb\":{\"@id\":\"https:\/\/www.kgo-stangar.si\/hr\/kuhinja-za-kucanstvo-od-nehrdajuceg-celika\/#breadcrumb\"},\"inLanguage\":\"hr\",\"potentialAction\":[{\"@type\":\"ReadAction\",\"target\":[\"https:\/\/www.kgo-stangar.si\/hr\/kuhinja-za-kucanstvo-od-nehrdajuceg-celika\/\"]}]},{\"@type\":\"ImageObject\",\"inLanguage\":\"hr\",\"@id\":\"https:\/\/www.kgo-stangar.si\/hr\/kuhinja-za-kucanstvo-od-nehrdajuceg-celika\/#primaryimage\",\"url\":\"http:\/\/www.kgo-stangar.si\/wp-content\/uploads\/2020\/12\/inox-gospodinjska-kuhinja-oblozena-z-umetnim-granitom-na-morju-1.jpg\",\"contentUrl\":\"http:\/\/www.kgo-stangar.si\/wp-content\/uploads\/2020\/12\/inox-gospodinjska-kuhinja-oblozena-z-umetnim-granitom-na-morju-1.jpg\"},{\"@type\":\"BreadcrumbList\",\"@id\":\"https:\/\/www.kgo-stangar.si\/hr\/kuhinja-za-kucanstvo-od-nehrdajuceg-celika\/#breadcrumb\",\"itemListElement\":[{\"@type\":\"ListItem\",\"position\":1,\"name\":\"Home\",\"item\":\"https:\/\/www.kgo-stangar.si\/hr\/home\/\"},{\"@type\":\"ListItem\",\"position\":2,\"name\":\"Kuhinja za ku\u0107anstvo od nehr\u0111aju\u0107eg \u010delika\"}]},{\"@type\":\"WebSite\",\"@id\":\"https:\/\/www.kgo-stangar.si\/#website\",\"url\":\"https:\/\/www.kgo-stangar.si\/\",\"name\":\"Gostinska oprema KGO\",\"description\":\"KGO \u0160tangar\",\"publisher\":{\"@id\":\"https:\/\/www.kgo-stangar.si\/#organization\"},\"potentialAction\":[{\"@type\":\"SearchAction\",\"target\":{\"@type\":\"EntryPoint\",\"urlTemplate\":\"https:\/\/www.kgo-stangar.si\/?s={search_term_string}\"},\"query-input\":{\"@type\":\"PropertyValueSpecification\",\"valueRequired\":true,\"valueName\":\"search_term_string\"}}],\"inLanguage\":\"hr\"},{\"@type\":\"Organization\",\"@id\":\"https:\/\/www.kgo-stangar.si\/#organization\",\"name\":\"Gostinska oprema KGO\",\"url\":\"https:\/\/www.kgo-stangar.si\/\",\"logo\":{\"@type\":\"ImageObject\",\"inLanguage\":\"hr\",\"@id\":\"https:\/\/www.kgo-stangar.si\/#\/schema\/logo\/image\/\",\"url\":\"https:\/\/www.kgo-stangar.si\/wp-content\/uploads\/2021\/04\/kgo-logo-r3-1.png\",\"contentUrl\":\"https:\/\/www.kgo-stangar.si\/wp-content\/uploads\/2021\/04\/kgo-logo-r3-1.png\",\"width\":213,\"height\":71,\"caption\":\"Gostinska oprema KGO\"},\"image\":{\"@id\":\"https:\/\/www.kgo-stangar.si\/#\/schema\/logo\/image\/\"}}]}<\/script>\n<!-- \/ Yoast SEO plugin. -->","yoast_head_json":{"title":"Kuhinja za ku\u0107anstvo od nehr\u0111aju\u0107eg \u010delika - Gostinska oprema KGO","robots":{"index":"index","follow":"follow","max-snippet":"max-snippet:-1","max-image-preview":"max-image-preview:large","max-video-preview":"max-video-preview:-1"},"canonical":"https:\/\/www.kgo-stangar.si\/hr\/kuhinja-za-kucanstvo-od-nehrdajuceg-celika\/","og_locale":"hr_HR","og_type":"article","og_title":"Kuhinja za ku\u0107anstvo od nehr\u0111aju\u0107eg \u010delika - Gostinska oprema KGO","og_description":"\u00a0Gospodinjske kuhinje v inox izvedbi Gospodinjske kuhinje v inox izvedbi Inox kuhinja po meri: Profesionalna zmogljivost v osr\u010dju va\u0161ega doma I\u0161\u010dete popolno ravnovesje med industrijsko vzdr\u017eljivostjo in modernim dizajnom? Na\u0161e inox kuhinje po naro\u010dilu so ustvarjene za tiste, ki od svojega kuhinjskega prostora pri\u010dakujejo ve\u010d. To ni le delovna povr\u0161ina; je vsestranska in cenovno dostopna [&hellip;]","og_url":"https:\/\/www.kgo-stangar.si\/hr\/kuhinja-za-kucanstvo-od-nehrdajuceg-celika\/","og_site_name":"Gostinska oprema KGO","article_modified_time":"2026-04-11T08:05:50+00:00","og_image":[{"url":"http:\/\/www.kgo-stangar.si\/wp-content\/uploads\/2020\/12\/inox-gospodinjska-kuhinja-oblozena-z-umetnim-granitom-na-morju-1.jpg","type":"","width":"","height":""}],"twitter_card":"summary_large_image","twitter_misc":{"Procijenjeno vrijeme \u010ditanja":"1 minuta"},"schema":{"@context":"https:\/\/schema.org","@graph":[{"@type":"WebPage","@id":"https:\/\/www.kgo-stangar.si\/hr\/kuhinja-za-kucanstvo-od-nehrdajuceg-celika\/","url":"https:\/\/www.kgo-stangar.si\/hr\/kuhinja-za-kucanstvo-od-nehrdajuceg-celika\/","name":"Kuhinja za ku\u0107anstvo od nehr\u0111aju\u0107eg \u010delika - Gostinska oprema KGO","isPartOf":{"@id":"https:\/\/www.kgo-stangar.si\/#website"},"primaryImageOfPage":{"@id":"https:\/\/www.kgo-stangar.si\/hr\/kuhinja-za-kucanstvo-od-nehrdajuceg-celika\/#primaryimage"},"image":{"@id":"https:\/\/www.kgo-stangar.si\/hr\/kuhinja-za-kucanstvo-od-nehrdajuceg-celika\/#primaryimage"},"thumbnailUrl":"http:\/\/www.kgo-stangar.si\/wp-content\/uploads\/2020\/12\/inox-gospodinjska-kuhinja-oblozena-z-umetnim-granitom-na-morju-1.jpg","datePublished":"2025-02-14T16:50:52+00:00","dateModified":"2026-04-11T08:05:50+00:00","breadcrumb":{"@id":"https:\/\/www.kgo-stangar.si\/hr\/kuhinja-za-kucanstvo-od-nehrdajuceg-celika\/#breadcrumb"},"inLanguage":"hr","potentialAction":[{"@type":"ReadAction","target":["https:\/\/www.kgo-stangar.si\/hr\/kuhinja-za-kucanstvo-od-nehrdajuceg-celika\/"]}]},{"@type":"ImageObject","inLanguage":"hr","@id":"https:\/\/www.kgo-stangar.si\/hr\/kuhinja-za-kucanstvo-od-nehrdajuceg-celika\/#primaryimage","url":"http:\/\/www.kgo-stangar.si\/wp-content\/uploads\/2020\/12\/inox-gospodinjska-kuhinja-oblozena-z-umetnim-granitom-na-morju-1.jpg","contentUrl":"http:\/\/www.kgo-stangar.si\/wp-content\/uploads\/2020\/12\/inox-gospodinjska-kuhinja-oblozena-z-umetnim-granitom-na-morju-1.jpg"},{"@type":"BreadcrumbList","@id":"https:\/\/www.kgo-stangar.si\/hr\/kuhinja-za-kucanstvo-od-nehrdajuceg-celika\/#breadcrumb","itemListElement":[{"@type":"ListItem","position":1,"name":"Home","item":"https:\/\/www.kgo-stangar.si\/hr\/home\/"},{"@type":"ListItem","position":2,"name":"Kuhinja za ku\u0107anstvo od nehr\u0111aju\u0107eg \u010delika"}]},{"@type":"WebSite","@id":"https:\/\/www.kgo-stangar.si\/#website","url":"https:\/\/www.kgo-stangar.si\/","name":"Gostinska oprema KGO","description":"KGO \u0160tangar","publisher":{"@id":"https:\/\/www.kgo-stangar.si\/#organization"},"potentialAction":[{"@type":"SearchAction","target":{"@type":"EntryPoint","urlTemplate":"https:\/\/www.kgo-stangar.si\/?s={search_term_string}"},"query-input":{"@type":"PropertyValueSpecification","valueRequired":true,"valueName":"search_term_string"}}],"inLanguage":"hr"},{"@type":"Organization","@id":"https:\/\/www.kgo-stangar.si\/#organization","name":"Gostinska oprema KGO","url":"https:\/\/www.kgo-stangar.si\/","logo":{"@type":"ImageObject","inLanguage":"hr","@id":"https:\/\/www.kgo-stangar.si\/#\/schema\/logo\/image\/","url":"https:\/\/www.kgo-stangar.si\/wp-content\/uploads\/2021\/04\/kgo-logo-r3-1.png","contentUrl":"https:\/\/www.kgo-stangar.si\/wp-content\/uploads\/2021\/04\/kgo-logo-r3-1.png","width":213,"height":71,"caption":"Gostinska oprema KGO"},"image":{"@id":"https:\/\/www.kgo-stangar.si\/#\/schema\/logo\/image\/"}}]}},"jetpack_sharing_enabled":true,"_links":{"self":[{"href":"https:\/\/www.kgo-stangar.si\/hr\/wp-json\/wp\/v2\/pages\/8470","targetHints":{"allow":["GET"]}}],"collection":[{"href":"https:\/\/www.kgo-stangar.si\/hr\/wp-json\/wp\/v2\/pages"}],"about":[{"href":"https:\/\/www.kgo-stangar.si\/hr\/wp-json\/wp\/v2\/types\/page"}],"author":[{"embeddable":true,"href":"https:\/\/www.kgo-stangar.si\/hr\/wp-json\/wp\/v2\/users\/1"}],"replies":[{"embeddable":true,"href":"https:\/\/www.kgo-stangar.si\/hr\/wp-json\/wp\/v2\/comments?post=8470"}],"version-history":[{"count":2,"href":"https:\/\/www.kgo-stangar.si\/hr\/wp-json\/wp\/v2\/pages\/8470\/revisions"}],"predecessor-version":[{"id":9347,"href":"https:\/\/www.kgo-stangar.si\/hr\/wp-json\/wp\/v2\/pages\/8470\/revisions\/9347"}],"wp:attachment":[{"href":"https:\/\/www.kgo-stangar.si\/hr\/wp-json\/wp\/v2\/media?parent=8470"}],"curies":[{"name":"wp","href":"https:\/\/api.w.org\/{rel}","templated":true}]}}