{"id":8936,"date":"2025-02-21T20:14:16","date_gmt":"2025-02-21T20:14:16","guid":{"rendered":"https:\/\/www.kgo-stangar.si\/individueller-edelstahloberflaechen-konfigurator\/"},"modified":"2026-01-30T20:34:59","modified_gmt":"2026-01-30T18:34:59","slug":"individueller-edelstahloberflaechen-konfigurator","status":"publish","type":"page","link":"https:\/\/www.kgo-stangar.si\/de\/individueller-edelstahloberflaechen-konfigurator\/","title":{"rendered":"Individueller Edelstahloberfl\u00e4chen-Konfigurator"},"content":{"rendered":"\n\n\t<p>Tukaj si zelo enostavno izra\u010dunate pribli\u017eno ceno va\u0161e inox povr\u0161ine za pult, na primer inox delovne plo\u0161\u010de za pult v kuhinji. Vnesite spodaj le podatke za izra\u010dun cene. Inox povr\u0161ina je iz inox plo\u010devine debeline 1 mm AISI 304 ali 1,5 mm AISI 304.<\/p>\n<p>Potrebujemo naslednje podatke v mm:<\/p>\n    \u2022 \u0161irina in globina povr\u0161ine (napi\u0161ite \u0161irino in globino, da se izri\u0161e)<br \/>\n    \u2022 ali je rob ali ne (\u010de je rob ozna\u010diti, da se izri\u0161e)<br \/>\n    \u2022 \u010de je zid je levo, zgoraj ali desno, (ozna\u010dite kje je, da se izri\u0161e)<br \/>\n    \u2022 \u010de \u017eelite korito ozna\u010dite dimenzijo korita, da se izri\u0161e,<br \/>\ndolo\u010dite kje je korito (z mi\u0161ko povle\u010dite na \u017eeljeno mesto)<br \/>\n    \u2022 ozna\u010di debelino inox delovne plo\u0161\u010de, 1 mm AISI 304 ali 1,5 mm AISI 304<br \/>\n    \u2022 ozna\u010dite pozicijo odtoka v koritu (1, 2, 3, 4)<br \/>\n    \u2022 ozna\u010dite \u010de je pipa, da se izri\u0161e odprtina za pipo in z mi\u0161ko povle\u010dite na \u017eeljeno mesto<br \/>\n    \u2022 ozna\u010dite material polnila: iverna plo\u0161\u010da ali vezana plo\u0161\u010da<br \/>\n    \u2022 ozna\u010dite vi\u0161ino hrbti\u0161\u010da, (zgoraj inox povr\u0161ine je hrbti\u0161\u010de, dolo\u010di vi\u0161ino hrbti\u0161\u010da)\n<p>Po\u0161ljite nam podatke, da vam po\u0161ljemo ponudbo.<\/p>\n<link rel=\"stylesheet\" href=\"https:\/\/cdnjs.cloudflare.com\/ajax\/libs\/bootstrap\/5.3.3\/css\/bootstrap.min.css\" integrity=\"sha512-jnSuA4Ss2PkkikSOLtYs8BlYIeeIK1h99ty4YfvRPAlzr377vr3CXDb7sb7eEEBYjDtcYj+AjBH3FLv5uSJuXg==\" crossorigin=\"anonymous\" referrerpolicy=\"no-referrer\" \/>\n      <!--  -->\n      <!-- <form id=\"product-form\"> -->\n        <label for=\"width\" data-en=\"Width of surface:\" data-si=\"\u0160irina povr\u0161ine:\" data-hr=\"\u0160irina povr\u0161ine:\" data-de=\"Fl\u00e4chenbreite\">Sirina povrsine:<\/label>\n        <input type=\"number\" id=\"product_width\" name=\"width\"\n          onchange=\"sprememba_sirine_povrsine(this.value)\"\/>\n        <label for=\"depth\" data-en=\"Surface depth:\" data-si=\"Globina povr\u0161ine:\" data-hr=\"Dubina povr\u0161ine:\" data-de=\"Oberfl\u00e4chentiefe:\">Globina povrsine:<\/label>\n        <input type=\"number\" id=\"product_depth\" name=\"depth\"\n          onchange=\"sprememba_globine_povrsine(this.value)\"\/>\n        <label for=\"depth\" data-en=\"Surface thickness:\" data-si=\"Debelina povr\u0161ine:\" data-hr=\"Debljina povr\u0161ine:\" data-de=\"Oberfl\u00e4chendicke:\">Debelina povrsine:<\/label>\n        <select id=\"debelina_povrsine\" onchange=\"sprememba_debeline_povrsine(this.value)\">\n          <option value=\"0\">12mm<\/option>\n          <option value=\"1\">20mm<\/option>\n          <option value=\"2\">30mm<\/option>\n          <option value=\"3\" selected>40mm<\/option>\n        <\/select>\n        <label for=\"depth\" data-en=\"Backrest height:\" data-si=\"Visina hrbti\u0161\u010da:\" data-hr=\"Visina naslona:\" data-de=\"R\u00fcckenlehnenh\u00f6he:\">Visina hrbti\u0161\u010da:<\/label>\n        <input type=\"number\" id=\"visina_zgoraj\" name=\"visina_zgoraj\"\n          onchange=\"sprememba_visina_zascite(this.value)\" max=\"600\"\/>\n        <label for=\"depth\" data-en=\"Filling material:\" data-si=\"Material polnila:\" data-hr=\"Materijal punjenja:\" data-de=\"R\u00fcckenlehnenh\u00f6he:\">Material polnila:<\/label>\n        <select id=\"material\" onchange=\"sprememba_material_file(this.value)\">\n          <option value=\"0\" data-en=\"Particle board\" data-si=\"Iverna plo\u0161\u010da\" data-hr=\"Iverica\" data-de=\"Spanplatte\">Iverna plo\u0161\u010da<\/option>\n          <option value=\"1\" data-en=\"Plywood\" data-si=\"Vezana plo\u0161\u010da\" data-hr=\"\u0160perplo\u010da\" data-de=\"Sperrholz\">Vezana plo\u0161\u010da<\/option>\n        <\/select>\n        <label for=\"depth\" data-en=\"Metal thickness:\" data-si=\"Debelina plo\u010devina:\" data-hr=\"Debljina lima:\" data-de=\"Blechdicke:\">Debelina plo\u010devina:<\/label>\n        <select id=\"debelina_plocevine\" onchange=\"sprememba_debeline_plocevine(this.value)\">\n          <option value=\"0\">1mm AISI 304<\/option>\n          <option value=\"1\">1.5mm AISI 304<\/option>\n        <\/select>\n        <label for=\"depth\" data-en=\"Options:\" data-si=\"Opcije:\" data-hr=\"Mogu\u0107nosti:\" data-de=\"Optionen:\">Opcije:<\/label>\n          <input type=\"checkbox\" id=\"poglobitev\" onchange=\"sprememba_poglobitev(this.checked)\"\/>\n          <label for=\"flexSwitchCheckChecked\" data-en=\"Edge\" data-si=\"Zarobljen rob\" data-hr=\"Zarobljeni rub:\" data-de=\"Unverlierbare Kante\">Zarobljen rob<\/label>\n          <input type=\"checkbox\" id=\"left_wall\" onchange=\"sprememba_wall(0, this.checked)\"\/>\n          <label for=\"flexSwitchCheckChecked\" data-en=\"Wall left\" data-si=\"Levo zid\" data-hr=\"Lijevi zid\" data-de=\"Linke wand\">Levo zid<\/label>\n          <input type=\"checkbox\" id=\"top_wall\" onchange=\"sprememba_wall(1, this.checked)\"\/>\n          <label for=\"flexSwitchCheckChecked\" data-en=\"Wall top\" data-si=\"Zgoraj zid\" data-hr=\"Iznad zida\" data-de=\"\u00fcber wand\">Zgoraj zid<\/label>\n          <input type=\"checkbox\" id=\"right_wall\" onchange=\"sprememba_wall(2, this.checked)\"\/>\n          <label for=\"flexSwitchCheckChecked\" data-en=\"Wall right\" data-si=\"Desni zid\" data-hr=\"Desni zid\" data-de=\"Rechte wand\">Desni zid<\/label>\n        <label for=\"depth\" data-en=\"Approximate price:\" data-si=\"Pribli\u017ena cena:\" data-hr=\"Pribli\u017ena cijena:\" data-de=\"Ungef\u00e4hrer Preis:\">Pribli\u017ena cena:<\/label>\n        <label for=\"depth\" id=\"cena\"><\/label>\n        <label for=\"depth\" data-en=\"Product code:\" data-si=\"Koda izdelka:\" data-hr=\"\u0160ifra proizvoda:\" data-de=\"Artikelnummer:\">Koda izdelka:<\/label>\n        <input type=\"text\" id=\"kodaizdelka\" name=\"kodaizdelka\"\n          onchange=\"sprememba_kode(this.value)\" onclick=\"this.select();\"\/>\n        <button type=\"button\" data-bs-toggle=\"tooltip\" data-bs-placement=\"top\"\n          title=\"Copy to Clipboard\" onclick=\"copytoclipboard()\">\n          Copy\n        <\/button>\n        <button type=\"button\" onclick=\"mailsendforreq()\" data-en=\"Send offer\" data-si=\"Po\u0161lji ponudbo\" data-hr=\"Po\u0161alji ponudu\" data-de=\"Angebot senden\">\n          Po\u0161lji ponudbo\n      <\/button>\n        <button type=\"button\" id=\"add-sink\" data-en=\"Add sink\" data-si=\"Dodaj korito\" data-hr=\"Dodajte sudoper\" data-de=\"F\u00fcgen Waschbecken\">Dodaj korito<\/button>\n        <button type=\"button\" id=\"add-hole\" data-en=\"Add a hole for a plate\/faucet\" data-si=\"Dodaj luknjo za plo\u0161\u010do\/pipo\" data-hr=\"Dodajte rupu za tanjur\/slavinu\" data-de=\"F\u00fcgen Sie ein Loch f\u00fcr eine Platte\/einen Wasserhahn hinzu\">Dodaj luknjo za plo\u0161\u010do\/pipo<\/button>\n        <button onclick=\"ponastavi()\" data-en=\"Reset\" data-si=\"Ponastavi\" data-hr=\"Resetiraj\" data-de=\"Zur\u00fccksetzen\">Ponastavi<\/button>\n        <button onclick=\"generate()\" data-en=\"PDF printout\" data-si=\"Izpis pdfja\" data-hr=\"PDF ispis\" data-de=\"PDF-Ausdruck\">Izpis pdfja<\/button>\n        <a id=\"download_me\">download<\/a>\n      <!-- <\/form> -->\n      <!--  -->\n\n","protected":false},"excerpt":{"rendered":"<p>Tukaj si zelo enostavno izra\u010dunate pribli\u017eno ceno va\u0161e inox povr\u0161ine za pult, na primer inox delovne plo\u0161\u010de za pult v kuhinji. Vnesite spodaj le podatke za izra\u010dun cene. Inox povr\u0161ina je iz inox plo\u010devine debeline 1 mm AISI 304 ali 1,5 mm AISI 304. Potrebujemo naslednje podatke v mm: \u2022 \u0161irina in globina povr\u0161ine (napi\u0161ite [&hellip;]<\/p>\n","protected":false},"author":1,"featured_media":0,"parent":0,"menu_order":0,"comment_status":"closed","ping_status":"closed","template":"","meta":{"site-sidebar-layout":"default","site-content-layout":"","ast-site-content-layout":"full-width-container","site-content-style":"unboxed","site-sidebar-style":"default","ast-global-header-display":"","ast-banner-title-visibility":"","ast-main-header-display":"","ast-hfb-above-header-display":"","ast-hfb-below-header-display":"","ast-hfb-mobile-header-display":"","site-post-title":"","ast-breadcrumbs-content":"","ast-featured-img":"","footer-sml-layout":"","ast-disable-related-posts":"","theme-transparent-header-meta":"","adv-header-id-meta":"","stick-header-meta":"","header-above-stick-meta":"","header-main-stick-meta":"","header-below-stick-meta":"","astra-migrate-meta-layouts":"default","ast-page-background-enabled":"default","ast-page-background-meta":{"desktop":{"background-color":"","background-image":"","background-repeat":"repeat","background-position":"center center","background-size":"auto","background-attachment":"scroll","background-type":"","background-media":"","overlay-type":"","overlay-color":"","overlay-opacity":"","overlay-gradient":""},"tablet":{"background-color":"","background-image":"","background-repeat":"repeat","background-position":"center center","background-size":"auto","background-attachment":"scroll","background-type":"","background-media":"","overlay-type":"","overlay-color":"","overlay-opacity":"","overlay-gradient":""},"mobile":{"background-color":"","background-image":"","background-repeat":"repeat","background-position":"center center","background-size":"auto","background-attachment":"scroll","background-type":"","background-media":"","overlay-type":"","overlay-color":"","overlay-opacity":"","overlay-gradient":""}},"ast-content-background-meta":{"desktop":{"background-color":"var(--ast-global-color-5)","background-image":"","background-repeat":"repeat","background-position":"center center","background-size":"auto","background-attachment":"scroll","background-type":"","background-media":"","overlay-type":"","overlay-color":"","overlay-opacity":"","overlay-gradient":""},"tablet":{"background-color":"var(--ast-global-color-5)","background-image":"","background-repeat":"repeat","background-position":"center center","background-size":"auto","background-attachment":"scroll","background-type":"","background-media":"","overlay-type":"","overlay-color":"","overlay-opacity":"","overlay-gradient":""},"mobile":{"background-color":"var(--ast-global-color-5)","background-image":"","background-repeat":"repeat","background-position":"center center","background-size":"auto","background-attachment":"scroll","background-type":"","background-media":"","overlay-type":"","overlay-color":"","overlay-opacity":"","overlay-gradient":""}},"pgc_sgb_lightbox_settings":"","footnotes":""},"class_list":["post-8936","page","type-page","status-publish","hentry"],"yoast_head":"<!-- This site is optimized with the Yoast SEO plugin v26.8 - https:\/\/yoast.com\/product\/yoast-seo-wordpress\/ -->\n<title>Individueller Edelstahloberfl\u00e4chen-Konfigurator - Gostinska oprema KGO<\/title>\n<meta name=\"robots\" content=\"index, follow, max-snippet:-1, max-image-preview:large, max-video-preview:-1\" \/>\n<link rel=\"canonical\" href=\"https:\/\/www.kgo-stangar.si\/de\/individueller-edelstahloberflaechen-konfigurator\/\" \/>\n<meta property=\"og:locale\" content=\"de_DE\" \/>\n<meta property=\"og:type\" content=\"article\" \/>\n<meta property=\"og:title\" content=\"Individueller Edelstahloberfl\u00e4chen-Konfigurator - Gostinska oprema KGO\" \/>\n<meta property=\"og:description\" content=\"Tukaj si zelo enostavno izra\u010dunate pribli\u017eno ceno va\u0161e inox povr\u0161ine za pult, na primer inox delovne plo\u0161\u010de za pult v kuhinji. Vnesite spodaj le podatke za izra\u010dun cene. Inox povr\u0161ina je iz inox plo\u010devine debeline 1 mm AISI 304 ali 1,5 mm AISI 304. Potrebujemo naslednje podatke v mm: \u2022 \u0161irina in globina povr\u0161ine (napi\u0161ite [&hellip;]\" \/>\n<meta property=\"og:url\" content=\"https:\/\/www.kgo-stangar.si\/de\/individueller-edelstahloberflaechen-konfigurator\/\" \/>\n<meta property=\"og:site_name\" content=\"Gostinska oprema KGO\" \/>\n<meta property=\"article:modified_time\" content=\"2026-01-30T18:34:59+00:00\" \/>\n<meta name=\"twitter:card\" content=\"summary_large_image\" \/>\n<meta name=\"twitter:label1\" content=\"Gesch\u00e4tzte Lesezeit\" \/>\n\t<meta name=\"twitter:data1\" content=\"1\u00a0Minute\" \/>\n<script type=\"application\/ld+json\" class=\"yoast-schema-graph\">{\"@context\":\"https:\/\/schema.org\",\"@graph\":[{\"@type\":\"WebPage\",\"@id\":\"https:\/\/www.kgo-stangar.si\/de\/individueller-edelstahloberflaechen-konfigurator\/\",\"url\":\"https:\/\/www.kgo-stangar.si\/de\/individueller-edelstahloberflaechen-konfigurator\/\",\"name\":\"Individueller Edelstahloberfl\u00e4chen-Konfigurator - Gostinska oprema KGO\",\"isPartOf\":{\"@id\":\"https:\/\/www.kgo-stangar.si\/#website\"},\"datePublished\":\"2025-02-21T20:14:16+00:00\",\"dateModified\":\"2026-01-30T18:34:59+00:00\",\"breadcrumb\":{\"@id\":\"https:\/\/www.kgo-stangar.si\/de\/individueller-edelstahloberflaechen-konfigurator\/#breadcrumb\"},\"inLanguage\":\"de\",\"potentialAction\":[{\"@type\":\"ReadAction\",\"target\":[\"https:\/\/www.kgo-stangar.si\/de\/individueller-edelstahloberflaechen-konfigurator\/\"]}]},{\"@type\":\"BreadcrumbList\",\"@id\":\"https:\/\/www.kgo-stangar.si\/de\/individueller-edelstahloberflaechen-konfigurator\/#breadcrumb\",\"itemListElement\":[{\"@type\":\"ListItem\",\"position\":1,\"name\":\"Home\",\"item\":\"https:\/\/www.kgo-stangar.si\/de\/\"},{\"@type\":\"ListItem\",\"position\":2,\"name\":\"Individueller Edelstahloberfl\u00e4chen-Konfigurator\"}]},{\"@type\":\"WebSite\",\"@id\":\"https:\/\/www.kgo-stangar.si\/#website\",\"url\":\"https:\/\/www.kgo-stangar.si\/\",\"name\":\"Gostinska oprema KGO\",\"description\":\"KGO \u0160tangar\",\"publisher\":{\"@id\":\"https:\/\/www.kgo-stangar.si\/#organization\"},\"potentialAction\":[{\"@type\":\"SearchAction\",\"target\":{\"@type\":\"EntryPoint\",\"urlTemplate\":\"https:\/\/www.kgo-stangar.si\/?s={search_term_string}\"},\"query-input\":{\"@type\":\"PropertyValueSpecification\",\"valueRequired\":true,\"valueName\":\"search_term_string\"}}],\"inLanguage\":\"de\"},{\"@type\":\"Organization\",\"@id\":\"https:\/\/www.kgo-stangar.si\/#organization\",\"name\":\"Gostinska oprema KGO\",\"url\":\"https:\/\/www.kgo-stangar.si\/\",\"logo\":{\"@type\":\"ImageObject\",\"inLanguage\":\"de\",\"@id\":\"https:\/\/www.kgo-stangar.si\/#\/schema\/logo\/image\/\",\"url\":\"https:\/\/www.kgo-stangar.si\/wp-content\/uploads\/2021\/04\/kgo-logo-r3-1.png\",\"contentUrl\":\"https:\/\/www.kgo-stangar.si\/wp-content\/uploads\/2021\/04\/kgo-logo-r3-1.png\",\"width\":213,\"height\":71,\"caption\":\"Gostinska oprema KGO\"},\"image\":{\"@id\":\"https:\/\/www.kgo-stangar.si\/#\/schema\/logo\/image\/\"}}]}<\/script>\n<!-- \/ Yoast SEO plugin. -->","yoast_head_json":{"title":"Individueller Edelstahloberfl\u00e4chen-Konfigurator - Gostinska oprema KGO","robots":{"index":"index","follow":"follow","max-snippet":"max-snippet:-1","max-image-preview":"max-image-preview:large","max-video-preview":"max-video-preview:-1"},"canonical":"https:\/\/www.kgo-stangar.si\/de\/individueller-edelstahloberflaechen-konfigurator\/","og_locale":"de_DE","og_type":"article","og_title":"Individueller Edelstahloberfl\u00e4chen-Konfigurator - Gostinska oprema KGO","og_description":"Tukaj si zelo enostavno izra\u010dunate pribli\u017eno ceno va\u0161e inox povr\u0161ine za pult, na primer inox delovne plo\u0161\u010de za pult v kuhinji. Vnesite spodaj le podatke za izra\u010dun cene. Inox povr\u0161ina je iz inox plo\u010devine debeline 1 mm AISI 304 ali 1,5 mm AISI 304. Potrebujemo naslednje podatke v mm: \u2022 \u0161irina in globina povr\u0161ine (napi\u0161ite [&hellip;]","og_url":"https:\/\/www.kgo-stangar.si\/de\/individueller-edelstahloberflaechen-konfigurator\/","og_site_name":"Gostinska oprema KGO","article_modified_time":"2026-01-30T18:34:59+00:00","twitter_card":"summary_large_image","twitter_misc":{"Gesch\u00e4tzte Lesezeit":"1\u00a0Minute"},"schema":{"@context":"https:\/\/schema.org","@graph":[{"@type":"WebPage","@id":"https:\/\/www.kgo-stangar.si\/de\/individueller-edelstahloberflaechen-konfigurator\/","url":"https:\/\/www.kgo-stangar.si\/de\/individueller-edelstahloberflaechen-konfigurator\/","name":"Individueller Edelstahloberfl\u00e4chen-Konfigurator - Gostinska oprema KGO","isPartOf":{"@id":"https:\/\/www.kgo-stangar.si\/#website"},"datePublished":"2025-02-21T20:14:16+00:00","dateModified":"2026-01-30T18:34:59+00:00","breadcrumb":{"@id":"https:\/\/www.kgo-stangar.si\/de\/individueller-edelstahloberflaechen-konfigurator\/#breadcrumb"},"inLanguage":"de","potentialAction":[{"@type":"ReadAction","target":["https:\/\/www.kgo-stangar.si\/de\/individueller-edelstahloberflaechen-konfigurator\/"]}]},{"@type":"BreadcrumbList","@id":"https:\/\/www.kgo-stangar.si\/de\/individueller-edelstahloberflaechen-konfigurator\/#breadcrumb","itemListElement":[{"@type":"ListItem","position":1,"name":"Home","item":"https:\/\/www.kgo-stangar.si\/de\/"},{"@type":"ListItem","position":2,"name":"Individueller Edelstahloberfl\u00e4chen-Konfigurator"}]},{"@type":"WebSite","@id":"https:\/\/www.kgo-stangar.si\/#website","url":"https:\/\/www.kgo-stangar.si\/","name":"Gostinska oprema KGO","description":"KGO \u0160tangar","publisher":{"@id":"https:\/\/www.kgo-stangar.si\/#organization"},"potentialAction":[{"@type":"SearchAction","target":{"@type":"EntryPoint","urlTemplate":"https:\/\/www.kgo-stangar.si\/?s={search_term_string}"},"query-input":{"@type":"PropertyValueSpecification","valueRequired":true,"valueName":"search_term_string"}}],"inLanguage":"de"},{"@type":"Organization","@id":"https:\/\/www.kgo-stangar.si\/#organization","name":"Gostinska oprema KGO","url":"https:\/\/www.kgo-stangar.si\/","logo":{"@type":"ImageObject","inLanguage":"de","@id":"https:\/\/www.kgo-stangar.si\/#\/schema\/logo\/image\/","url":"https:\/\/www.kgo-stangar.si\/wp-content\/uploads\/2021\/04\/kgo-logo-r3-1.png","contentUrl":"https:\/\/www.kgo-stangar.si\/wp-content\/uploads\/2021\/04\/kgo-logo-r3-1.png","width":213,"height":71,"caption":"Gostinska oprema KGO"},"image":{"@id":"https:\/\/www.kgo-stangar.si\/#\/schema\/logo\/image\/"}}]}},"jetpack_sharing_enabled":true,"_links":{"self":[{"href":"https:\/\/www.kgo-stangar.si\/de\/wp-json\/wp\/v2\/pages\/8936","targetHints":{"allow":["GET"]}}],"collection":[{"href":"https:\/\/www.kgo-stangar.si\/de\/wp-json\/wp\/v2\/pages"}],"about":[{"href":"https:\/\/www.kgo-stangar.si\/de\/wp-json\/wp\/v2\/types\/page"}],"author":[{"embeddable":true,"href":"https:\/\/www.kgo-stangar.si\/de\/wp-json\/wp\/v2\/users\/1"}],"replies":[{"embeddable":true,"href":"https:\/\/www.kgo-stangar.si\/de\/wp-json\/wp\/v2\/comments?post=8936"}],"version-history":[{"count":4,"href":"https:\/\/www.kgo-stangar.si\/de\/wp-json\/wp\/v2\/pages\/8936\/revisions"}],"predecessor-version":[{"id":9125,"href":"https:\/\/www.kgo-stangar.si\/de\/wp-json\/wp\/v2\/pages\/8936\/revisions\/9125"}],"wp:attachment":[{"href":"https:\/\/www.kgo-stangar.si\/de\/wp-json\/wp\/v2\/media?parent=8936"}],"curies":[{"name":"wp","href":"https:\/\/api.w.org\/{rel}","templated":true}]}}