{"id":3956,"date":"2021-04-26T13:05:32","date_gmt":"2021-04-26T13:05:32","guid":{"rendered":"http:\/\/www.kgo-stangar.si\/restaurant-kuechenausstattung\/"},"modified":"2025-02-14T18:11:31","modified_gmt":"2025-02-14T18:11:31","slug":"restaurant-kuechenausstattung","status":"publish","type":"page","link":"https:\/\/www.kgo-stangar.si\/de\/restaurant-kuechenausstattung\/","title":{"rendered":"Restaurant K\u00fcchenausstattung"},"content":{"rendered":"\n\n\t<h1>\n\t\t\t\tRestaurant K\u00fcchenausstattung\n\t\t\t<\/h1>\n\t<h5>\n\t\t\t\t<a href=\"http:\/\/www.kgo-stangar.si\/de\/restaurant-gekuehlte-kuechenausstattung\/\" title=\"Catering gek\u00fchlte K\u00fcchenger\u00e4te\" target=\"_self\" rel=\"noopener\">\n\t\t\t\tCatering gek\u00fchlte K\u00fcchenger\u00e4te\n\t\t\t\t<\/a>\n\t\t\t<\/h5>\n\t\t\t\t<a href=\"http:\/\/www.kgo-stangar.si\/de\/restaurant-gekuehlte-kuechenausstattung\/\" target=\"_self\" itemprop=\"url\" rel=\"noopener\">\n\t\t\t\t<img loading=\"lazy\" decoding=\"async\" src=\"https:\/\/www.kgo-stangar.si\/wp-content\/uploads\/2020\/12\/hlajen-retro-pult1.jpg\" alt=\"hlajen-retro-pult1\" itemprop=\"image\" height=\"853\" width=\"1280\" title=\"hlajen-retro-pult1\" onerror=\"this.style.display='none'\"  \/>\n\t\t\t\t<\/a>\n\t<h5>\n\t\t\t\t<a href=\"http:\/\/www.kgo-stangar.si\/de\/gastronomie-thermische-kuechenausstattung\/\" title=\"Catering Speditionsausr\u00fcstung\" target=\"_self\" rel=\"noopener\">\n\t\t\t\tCatering Speditionsausr\u00fcstung\n\t\t\t\t<\/a>\n\t\t\t<\/h5>\n\t\t\t\t<a href=\"http:\/\/www.kgo-stangar.si\/de\/gastronomie-thermische-kuechenausstattung\/\" target=\"_self\" itemprop=\"url\" rel=\"noopener\">\n\t\t\t\t<img loading=\"lazy\" decoding=\"async\" src=\"https:\/\/www.kgo-stangar.si\/wp-content\/uploads\/2020\/12\/gostinska-termicna-oprema-7-1.jpg\" alt=\"gostinska-termicna-oprema-7\" itemprop=\"image\" height=\"853\" width=\"1280\" title=\"gostinska-termicna-oprema-7\" onerror=\"this.style.display='none'\"  \/>\n\t\t\t\t<\/a>\n\t<h5>\n\t\t\t\t<a href=\"http:\/\/www.kgo-stangar.si\/de\/catering-neutrale-kuechenausstattung\/\" title=\"Catering Neutrale K\u00fcchenausstattung\" target=\"_self\" rel=\"noopener\">\n\t\t\t\tCatering Neutrale K\u00fcchenausstattung\n\t\t\t\t<\/a>\n\t\t\t<\/h5>\n\t\t\t\t<a href=\"http:\/\/www.kgo-stangar.si\/de\/catering-neutrale-kuechenausstattung\/\" target=\"_self\" itemprop=\"url\" rel=\"noopener\">\n\t\t\t\t<img loading=\"lazy\" decoding=\"async\" src=\"https:\/\/www.kgo-stangar.si\/wp-content\/uploads\/2021\/01\/IMG_2307_JPG_1280x1024_upscale_q85.jpg\" alt=\"IMG_2307_JPG_1280x1024_upscale_q85\" itemprop=\"image\" height=\"850\" width=\"1280\" title=\"IMG_2307_JPG_1280x1024_upscale_q85\" onerror=\"this.style.display='none'\"  \/>\n\t\t\t\t<\/a>\n\t<h5>\n\t\t\t\t<a href=\"http:\/\/www.kgo-stangar.si\/de\/restaurantkuechen\/\" title=\"Restaurantk\u00fcchen\" target=\"_self\" rel=\"noopener\">\n\t\t\t\tRestaurantk\u00fcchen\n\t\t\t\t<\/a>\n\t\t\t<\/h5>\n\t\t\t\t<a href=\"http:\/\/www.kgo-stangar.si\/de\/restaurantkuechen\/\" target=\"_self\" itemprop=\"url\" rel=\"noopener\">\n\t\t\t\t<img loading=\"lazy\" decoding=\"async\" src=\"https:\/\/www.kgo-stangar.si\/wp-content\/uploads\/2021\/01\/IMG_3003-01_jpg_1280x1024_upscale_q85-1.jpg\" alt=\"IMG_3003-01_jpg_1280x1024_upscale_q85 (1)\" itemprop=\"image\" height=\"849\" width=\"1280\" title=\"IMG_3003-01_jpg_1280x1024_upscale_q85 (1)\" onerror=\"this.style.display='none'\"  \/>\n\t\t\t\t<\/a>\n\t<h5>\n\t\t\t\t<a href=\"http:\/\/www.kgo-stangar.si\/de\/waschbecken\/\" title=\"Waschbecken\" target=\"_self\" rel=\"noopener\">\n\t\t\t\tWaschbecken\n\t\t\t\t<\/a>\n\t\t\t<\/h5>\n\t\t\t\t<a href=\"http:\/\/www.kgo-stangar.si\/de\/waschbecken\/\" target=\"_self\" itemprop=\"url\" rel=\"noopener\">\n\t\t\t\t<img loading=\"lazy\" decoding=\"async\" src=\"https:\/\/www.kgo-stangar.si\/wp-content\/uploads\/2020\/12\/pomivalna-korita-gospodinjska-4.jpg\" alt=\"pomivalna-korita-gospodinjska-4\" itemprop=\"image\" height=\"853\" width=\"1280\" title=\"pomivalna-korita-gospodinjska-4\" onerror=\"this.style.display='none'\"  \/>\n\t\t\t\t<\/a>\n\t<h2>\n\t\t\t\tSonderanfertigung\n\t\t\t<\/h2>\n\t\t\t<p>Wir passen uns unseren Kunden an und helfen ihnen, den Raum optimal zu nutzen. <\/p>\t\n\t<ul>\n\t\t<li><h3><\/h3><p>Haushaltsk\u00fcche aus Edelstahl<\/p><\/li><li><h3><\/h3>Restaurantschalter<\/li><li><h3><\/h3>Catering-Arbeitsplatten <\/li>\t<\/ul>\n\t<ul>\n\t\t<li><h3><\/h3><p>Catering gek\u00fchlte K\u00fcchenger\u00e4te<\/p><\/li><li><h3><\/h3>Restaurant Pizzaschalter<\/li><li><h3><\/h3>Salatbars &#8211; Schaufenster<\/li>\t<\/ul>\n\t<ul>\n\t\t<li><h3><\/h3><p>Mobile K\u00fcchen &#8211; Mobile K\u00fcchen<\/p><\/li><li><h3><\/h3>Bodengitter<\/li><li><h3><\/h3>Kundenspezifische Ausr\u00fcstung<\/li>\t<\/ul>\n\t<ul>\n\t\t<li><h3><\/h3><p>Chirurgische Tr\u00f6ge zum H\u00e4ndewaschen<\/p><\/li><li><h3><\/h3>Restaurantschalter<\/li><li><h3><\/h3>Sanit\u00e4rkeramik<\/li>\t<\/ul>\n\t<h3>\n\t\t\t\tBen\u00f6tigen Sie ein Angebot?\n\t\t\t<\/h3>\n\t\t\t<a href=\"http:\/\/www.kgo-stangar.si\/de\/kontakt\/\" target=\"_self\" role=\"button\" aria-label=\"Kontaktiere uns\" rel=\"noopener\">\n\t\t\t\t\t\t\tKontaktiere uns\n\t\t<\/a>\n\t\t\t\t<img decoding=\"async\" src=\"https:\/\/www.kgo-stangar.si\/wp-content\/uploads\/2020\/09\/IDRIJA-CENTRAL-BAR-01__jpg_1280x1024_upscale_q85-1.jpg\" alt=\"IDRIJA CENTRAL BAR 01__jpg_1280x1024_upscale_q85\" title=\"IDRIJA CENTRAL BAR 01__jpg_1280x1024_upscale_q85\" itemprop=\"image\"\/>\n\t\t\t\t<img decoding=\"async\" src=\"https:\/\/www.kgo-stangar.si\/wp-content\/uploads\/2020\/09\/IMG_9438_jpg_1280x1024_upscale_q85.jpg\" alt=\"IMG_9438_jpg_1280x1024_upscale_q85\" title=\"IMG_9438_jpg_1280x1024_upscale_q85\" itemprop=\"image\"\/>\n\t\t\t\t<img decoding=\"async\" src=\"https:\/\/www.kgo-stangar.si\/wp-content\/uploads\/2020\/09\/IMG_9378_jpg_1280x1024_upscale_q85-1.jpg\" alt=\"IMG_9378_jpg_1280x1024_upscale_q85\" title=\"IMG_9378_jpg_1280x1024_upscale_q85\" itemprop=\"image\"\/>\n\t\t\t\t<img decoding=\"async\" src=\"https:\/\/www.kgo-stangar.si\/wp-content\/uploads\/2020\/09\/IMG_2989-01_jpg_1280x1024_upscale_q85.jpg\" alt=\"IMG_2989-01_jpg_1280x1024_upscale_q85\" title=\"IMG_2989-01_jpg_1280x1024_upscale_q85\" itemprop=\"image\"\/>\n\t\t\t\t<img decoding=\"async\" src=\"https:\/\/www.kgo-stangar.si\/wp-content\/uploads\/2020\/09\/IDRIJA-CENTRAL-BAR-10_jpg_1280x1024_upscale_q85.jpg\" alt=\"IDRIJA CENTRAL BAR 10_jpg_1280x1024_upscale_q85\" title=\"IDRIJA CENTRAL BAR 10_jpg_1280x1024_upscale_q85\" itemprop=\"image\"\/>\n\t\t\t\t<img decoding=\"async\" src=\"https:\/\/www.kgo-stangar.si\/wp-content\/uploads\/2020\/09\/IDRIJA-CENTRAL-BAR-01__jpg_1280x1024_upscale_q85-1.jpg\" alt=\"IDRIJA CENTRAL BAR 01__jpg_1280x1024_upscale_q85\" title=\"IDRIJA CENTRAL BAR 01__jpg_1280x1024_upscale_q85\" itemprop=\"image\"\/>\n\t\t\t\t<img decoding=\"async\" src=\"https:\/\/www.kgo-stangar.si\/wp-content\/uploads\/2021\/04\/kgo-logo-r3-2.png\" alt=\"kgo-logo-r3\" title=\"kgo-logo-r3\" itemprop=\"image\"\/>\n\t<h4>\n\t\t\t\tWir rufen Sie zur\u00fcck\n\t\t\t<\/h4>\n\t<div class=\"wpforms-container \" id=\"wpforms-10\"><form id=\"wpforms-form-10\" class=\"wpforms-validate wpforms-form\" data-formid=\"10\" method=\"post\" enctype=\"multipart\/form-data\" action=\"\/de\/wp-json\/wp\/v2\/pages\/3956\" data-token=\"7b29d3f4d6e8eab6e0a1603f53b8fad0\" data-token-time=\"1778102367\"><noscript class=\"wpforms-error-noscript\">Bitte aktiviere JavaScript in deinem Browser, um dieses Formular fertigzustellen.<\/noscript><div class=\"wpforms-field-container\"><\/div><!-- .wpforms-field-container --><div class=\"wpforms-field wpforms-field-hp\"><label for=\"wpforms-10-field-hp\" class=\"wpforms-field-label\">Email<\/label><input type=\"text\" name=\"wpforms[hp]\" id=\"wpforms-10-field-hp\" class=\"wpforms-field-medium\"><\/div><\/form><\/div>  <!-- .wpforms-container -->\n\t<h4>\n\t\t\t\tSchnelle Verbindungen\n\t\t\t<\/h4>\n\t<ul>\n\t\t<li><a href=\"#\" target=\"_self\" aria-label=\"Go to #\" rel=\"noopener\"><\/a><h3><\/h3><p>Referenz<\/p><\/li><li><a href=\"#\" target=\"_self\" aria-label=\"Go to #\" rel=\"noopener\"><\/a><h3><\/h3>Programm<\/li>\t<\/ul>\n\t<h4>\n\t\t\t\tIn Kontakt kommen\n\t\t\t<\/h4>\n\t<h4>\n\t\t\t\t+386 41 758 218\n\t\t\t<\/h4>\n\t<ul>\n\t\t<li><h3><\/h3><p>Arbeitszeit:<\/p><\/li><li><h3><\/h3>8:00 &#8211; 16:00  <\/li><li><h3><\/h3>E: pavel.stangar@gmail.com<\/li>\t<\/ul>\n\n","protected":false},"excerpt":{"rendered":"<p>Restaurant K\u00fcchenausstattung Catering gek\u00fchlte K\u00fcchenger\u00e4te Catering Speditionsausr\u00fcstung Catering Neutrale K\u00fcchenausstattung Restaurantk\u00fcchen Waschbecken Sonderanfertigung Wir passen uns unseren Kunden an und helfen ihnen, den Raum optimal zu nutzen. Haushaltsk\u00fcche aus Edelstahl Restaurantschalter Catering-Arbeitsplatten Catering gek\u00fchlte K\u00fcchenger\u00e4te Restaurant Pizzaschalter Salatbars &#8211; Schaufenster Mobile K\u00fcchen &#8211; Mobile K\u00fcchen Bodengitter Kundenspezifische Ausr\u00fcstung Chirurgische Tr\u00f6ge zum H\u00e4ndewaschen Restaurantschalter Sanit\u00e4rkeramik Ben\u00f6tigen [&hellip;]<\/p>\n","protected":false},"author":1,"featured_media":0,"parent":0,"menu_order":0,"comment_status":"closed","ping_status":"closed","template":"","meta":{"site-sidebar-layout":"no-sidebar","site-content-layout":"page-builder","ast-site-content-layout":"full-width-container","site-content-style":"unboxed","site-sidebar-style":"unboxed","ast-global-header-display":"","ast-banner-title-visibility":"","ast-main-header-display":"","ast-hfb-above-header-display":"","ast-hfb-below-header-display":"","ast-hfb-mobile-header-display":"","site-post-title":"disabled","ast-breadcrumbs-content":"","ast-featured-img":"disabled","footer-sml-layout":"","ast-disable-related-posts":"","theme-transparent-header-meta":"","adv-header-id-meta":"","stick-header-meta":"","header-above-stick-meta":"","header-main-stick-meta":"","header-below-stick-meta":"","astra-migrate-meta-layouts":"default","ast-page-background-enabled":"default","ast-page-background-meta":{"desktop":{"background-color":"","background-image":"","background-repeat":"repeat","background-position":"center center","background-size":"auto","background-attachment":"scroll","background-type":"","background-media":"","overlay-type":"","overlay-color":"","overlay-opacity":"","overlay-gradient":""},"tablet":{"background-color":"","background-image":"","background-repeat":"repeat","background-position":"center center","background-size":"auto","background-attachment":"scroll","background-type":"","background-media":"","overlay-type":"","overlay-color":"","overlay-opacity":"","overlay-gradient":""},"mobile":{"background-color":"","background-image":"","background-repeat":"repeat","background-position":"center center","background-size":"auto","background-attachment":"scroll","background-type":"","background-media":"","overlay-type":"","overlay-color":"","overlay-opacity":"","overlay-gradient":""}},"ast-content-background-meta":{"desktop":{"background-color":"var(--ast-global-color-5)","background-image":"","background-repeat":"repeat","background-position":"center center","background-size":"auto","background-attachment":"scroll","background-type":"","background-media":"","overlay-type":"","overlay-color":"","overlay-opacity":"","overlay-gradient":""},"tablet":{"background-color":"var(--ast-global-color-5)","background-image":"","background-repeat":"repeat","background-position":"center center","background-size":"auto","background-attachment":"scroll","background-type":"","background-media":"","overlay-type":"","overlay-color":"","overlay-opacity":"","overlay-gradient":""},"mobile":{"background-color":"var(--ast-global-color-5)","background-image":"","background-repeat":"repeat","background-position":"center center","background-size":"auto","background-attachment":"scroll","background-type":"","background-media":"","overlay-type":"","overlay-color":"","overlay-opacity":"","overlay-gradient":""}},"pgc_sgb_lightbox_settings":"","footnotes":""},"class_list":["post-3956","page","type-page","status-publish","hentry"],"yoast_head":"<!-- This site is optimized with the Yoast SEO plugin v26.8 - https:\/\/yoast.com\/product\/yoast-seo-wordpress\/ -->\n<title>Restaurant K\u00fcchenausstattung - Gostinska oprema KGO<\/title>\n<meta name=\"robots\" content=\"index, follow, max-snippet:-1, max-image-preview:large, max-video-preview:-1\" \/>\n<link rel=\"canonical\" href=\"https:\/\/www.kgo-stangar.si\/de\/restaurant-kuechenausstattung\/\" \/>\n<meta property=\"og:locale\" content=\"de_DE\" \/>\n<meta property=\"og:type\" content=\"article\" \/>\n<meta property=\"og:title\" content=\"Restaurant K\u00fcchenausstattung - Gostinska oprema KGO\" \/>\n<meta property=\"og:description\" content=\"Restaurant K\u00fcchenausstattung Catering gek\u00fchlte K\u00fcchenger\u00e4te Catering Speditionsausr\u00fcstung Catering Neutrale K\u00fcchenausstattung Restaurantk\u00fcchen Waschbecken Sonderanfertigung Wir passen uns unseren Kunden an und helfen ihnen, den Raum optimal zu nutzen. Haushaltsk\u00fcche aus Edelstahl Restaurantschalter Catering-Arbeitsplatten Catering gek\u00fchlte K\u00fcchenger\u00e4te Restaurant Pizzaschalter Salatbars &#8211; Schaufenster Mobile K\u00fcchen &#8211; Mobile K\u00fcchen Bodengitter Kundenspezifische Ausr\u00fcstung Chirurgische Tr\u00f6ge zum H\u00e4ndewaschen Restaurantschalter Sanit\u00e4rkeramik Ben\u00f6tigen [&hellip;]\" \/>\n<meta property=\"og:url\" content=\"https:\/\/www.kgo-stangar.si\/de\/restaurant-kuechenausstattung\/\" \/>\n<meta property=\"og:site_name\" content=\"Gostinska oprema KGO\" \/>\n<meta property=\"article:modified_time\" content=\"2025-02-14T18:11:31+00:00\" \/>\n<meta property=\"og:image\" content=\"https:\/\/www.kgo-stangar.si\/wp-content\/uploads\/2020\/12\/hlajen-retro-pult1.jpg\" \/>\n<meta name=\"twitter:card\" content=\"summary_large_image\" \/>\n<script type=\"application\/ld+json\" class=\"yoast-schema-graph\">{\"@context\":\"https:\/\/schema.org\",\"@graph\":[{\"@type\":\"WebPage\",\"@id\":\"https:\/\/www.kgo-stangar.si\/de\/restaurant-kuechenausstattung\/\",\"url\":\"https:\/\/www.kgo-stangar.si\/de\/restaurant-kuechenausstattung\/\",\"name\":\"Restaurant K\u00fcchenausstattung - Gostinska oprema KGO\",\"isPartOf\":{\"@id\":\"https:\/\/www.kgo-stangar.si\/#website\"},\"primaryImageOfPage\":{\"@id\":\"https:\/\/www.kgo-stangar.si\/de\/restaurant-kuechenausstattung\/#primaryimage\"},\"image\":{\"@id\":\"https:\/\/www.kgo-stangar.si\/de\/restaurant-kuechenausstattung\/#primaryimage\"},\"thumbnailUrl\":\"https:\/\/www.kgo-stangar.si\/wp-content\/uploads\/2020\/12\/hlajen-retro-pult1.jpg\",\"datePublished\":\"2021-04-26T13:05:32+00:00\",\"dateModified\":\"2025-02-14T18:11:31+00:00\",\"breadcrumb\":{\"@id\":\"https:\/\/www.kgo-stangar.si\/de\/restaurant-kuechenausstattung\/#breadcrumb\"},\"inLanguage\":\"de\",\"potentialAction\":[{\"@type\":\"ReadAction\",\"target\":[\"https:\/\/www.kgo-stangar.si\/de\/restaurant-kuechenausstattung\/\"]}]},{\"@type\":\"ImageObject\",\"inLanguage\":\"de\",\"@id\":\"https:\/\/www.kgo-stangar.si\/de\/restaurant-kuechenausstattung\/#primaryimage\",\"url\":\"https:\/\/www.kgo-stangar.si\/wp-content\/uploads\/2020\/12\/hlajen-retro-pult1.jpg\",\"contentUrl\":\"https:\/\/www.kgo-stangar.si\/wp-content\/uploads\/2020\/12\/hlajen-retro-pult1.jpg\"},{\"@type\":\"BreadcrumbList\",\"@id\":\"https:\/\/www.kgo-stangar.si\/de\/restaurant-kuechenausstattung\/#breadcrumb\",\"itemListElement\":[{\"@type\":\"ListItem\",\"position\":1,\"name\":\"Home\",\"item\":\"https:\/\/www.kgo-stangar.si\/de\/\"},{\"@type\":\"ListItem\",\"position\":2,\"name\":\"Restaurant K\u00fcchenausstattung\"}]},{\"@type\":\"WebSite\",\"@id\":\"https:\/\/www.kgo-stangar.si\/#website\",\"url\":\"https:\/\/www.kgo-stangar.si\/\",\"name\":\"Gostinska oprema KGO\",\"description\":\"KGO \u0160tangar\",\"publisher\":{\"@id\":\"https:\/\/www.kgo-stangar.si\/#organization\"},\"potentialAction\":[{\"@type\":\"SearchAction\",\"target\":{\"@type\":\"EntryPoint\",\"urlTemplate\":\"https:\/\/www.kgo-stangar.si\/?s={search_term_string}\"},\"query-input\":{\"@type\":\"PropertyValueSpecification\",\"valueRequired\":true,\"valueName\":\"search_term_string\"}}],\"inLanguage\":\"de\"},{\"@type\":\"Organization\",\"@id\":\"https:\/\/www.kgo-stangar.si\/#organization\",\"name\":\"Gostinska oprema KGO\",\"url\":\"https:\/\/www.kgo-stangar.si\/\",\"logo\":{\"@type\":\"ImageObject\",\"inLanguage\":\"de\",\"@id\":\"https:\/\/www.kgo-stangar.si\/#\/schema\/logo\/image\/\",\"url\":\"https:\/\/www.kgo-stangar.si\/wp-content\/uploads\/2021\/04\/kgo-logo-r3-1.png\",\"contentUrl\":\"https:\/\/www.kgo-stangar.si\/wp-content\/uploads\/2021\/04\/kgo-logo-r3-1.png\",\"width\":213,\"height\":71,\"caption\":\"Gostinska oprema KGO\"},\"image\":{\"@id\":\"https:\/\/www.kgo-stangar.si\/#\/schema\/logo\/image\/\"}}]}<\/script>\n<!-- \/ Yoast SEO plugin. -->","yoast_head_json":{"title":"Restaurant K\u00fcchenausstattung - Gostinska oprema KGO","robots":{"index":"index","follow":"follow","max-snippet":"max-snippet:-1","max-image-preview":"max-image-preview:large","max-video-preview":"max-video-preview:-1"},"canonical":"https:\/\/www.kgo-stangar.si\/de\/restaurant-kuechenausstattung\/","og_locale":"de_DE","og_type":"article","og_title":"Restaurant K\u00fcchenausstattung - Gostinska oprema KGO","og_description":"Restaurant K\u00fcchenausstattung Catering gek\u00fchlte K\u00fcchenger\u00e4te Catering Speditionsausr\u00fcstung Catering Neutrale K\u00fcchenausstattung Restaurantk\u00fcchen Waschbecken Sonderanfertigung Wir passen uns unseren Kunden an und helfen ihnen, den Raum optimal zu nutzen. Haushaltsk\u00fcche aus Edelstahl Restaurantschalter Catering-Arbeitsplatten Catering gek\u00fchlte K\u00fcchenger\u00e4te Restaurant Pizzaschalter Salatbars &#8211; Schaufenster Mobile K\u00fcchen &#8211; Mobile K\u00fcchen Bodengitter Kundenspezifische Ausr\u00fcstung Chirurgische Tr\u00f6ge zum H\u00e4ndewaschen Restaurantschalter Sanit\u00e4rkeramik Ben\u00f6tigen [&hellip;]","og_url":"https:\/\/www.kgo-stangar.si\/de\/restaurant-kuechenausstattung\/","og_site_name":"Gostinska oprema KGO","article_modified_time":"2025-02-14T18:11:31+00:00","og_image":[{"url":"https:\/\/www.kgo-stangar.si\/wp-content\/uploads\/2020\/12\/hlajen-retro-pult1.jpg","type":"","width":"","height":""}],"twitter_card":"summary_large_image","schema":{"@context":"https:\/\/schema.org","@graph":[{"@type":"WebPage","@id":"https:\/\/www.kgo-stangar.si\/de\/restaurant-kuechenausstattung\/","url":"https:\/\/www.kgo-stangar.si\/de\/restaurant-kuechenausstattung\/","name":"Restaurant K\u00fcchenausstattung - Gostinska oprema KGO","isPartOf":{"@id":"https:\/\/www.kgo-stangar.si\/#website"},"primaryImageOfPage":{"@id":"https:\/\/www.kgo-stangar.si\/de\/restaurant-kuechenausstattung\/#primaryimage"},"image":{"@id":"https:\/\/www.kgo-stangar.si\/de\/restaurant-kuechenausstattung\/#primaryimage"},"thumbnailUrl":"https:\/\/www.kgo-stangar.si\/wp-content\/uploads\/2020\/12\/hlajen-retro-pult1.jpg","datePublished":"2021-04-26T13:05:32+00:00","dateModified":"2025-02-14T18:11:31+00:00","breadcrumb":{"@id":"https:\/\/www.kgo-stangar.si\/de\/restaurant-kuechenausstattung\/#breadcrumb"},"inLanguage":"de","potentialAction":[{"@type":"ReadAction","target":["https:\/\/www.kgo-stangar.si\/de\/restaurant-kuechenausstattung\/"]}]},{"@type":"ImageObject","inLanguage":"de","@id":"https:\/\/www.kgo-stangar.si\/de\/restaurant-kuechenausstattung\/#primaryimage","url":"https:\/\/www.kgo-stangar.si\/wp-content\/uploads\/2020\/12\/hlajen-retro-pult1.jpg","contentUrl":"https:\/\/www.kgo-stangar.si\/wp-content\/uploads\/2020\/12\/hlajen-retro-pult1.jpg"},{"@type":"BreadcrumbList","@id":"https:\/\/www.kgo-stangar.si\/de\/restaurant-kuechenausstattung\/#breadcrumb","itemListElement":[{"@type":"ListItem","position":1,"name":"Home","item":"https:\/\/www.kgo-stangar.si\/de\/"},{"@type":"ListItem","position":2,"name":"Restaurant K\u00fcchenausstattung"}]},{"@type":"WebSite","@id":"https:\/\/www.kgo-stangar.si\/#website","url":"https:\/\/www.kgo-stangar.si\/","name":"Gostinska oprema KGO","description":"KGO \u0160tangar","publisher":{"@id":"https:\/\/www.kgo-stangar.si\/#organization"},"potentialAction":[{"@type":"SearchAction","target":{"@type":"EntryPoint","urlTemplate":"https:\/\/www.kgo-stangar.si\/?s={search_term_string}"},"query-input":{"@type":"PropertyValueSpecification","valueRequired":true,"valueName":"search_term_string"}}],"inLanguage":"de"},{"@type":"Organization","@id":"https:\/\/www.kgo-stangar.si\/#organization","name":"Gostinska oprema KGO","url":"https:\/\/www.kgo-stangar.si\/","logo":{"@type":"ImageObject","inLanguage":"de","@id":"https:\/\/www.kgo-stangar.si\/#\/schema\/logo\/image\/","url":"https:\/\/www.kgo-stangar.si\/wp-content\/uploads\/2021\/04\/kgo-logo-r3-1.png","contentUrl":"https:\/\/www.kgo-stangar.si\/wp-content\/uploads\/2021\/04\/kgo-logo-r3-1.png","width":213,"height":71,"caption":"Gostinska oprema KGO"},"image":{"@id":"https:\/\/www.kgo-stangar.si\/#\/schema\/logo\/image\/"}}]}},"jetpack_sharing_enabled":true,"_links":{"self":[{"href":"https:\/\/www.kgo-stangar.si\/de\/wp-json\/wp\/v2\/pages\/3956","targetHints":{"allow":["GET"]}}],"collection":[{"href":"https:\/\/www.kgo-stangar.si\/de\/wp-json\/wp\/v2\/pages"}],"about":[{"href":"https:\/\/www.kgo-stangar.si\/de\/wp-json\/wp\/v2\/types\/page"}],"author":[{"embeddable":true,"href":"https:\/\/www.kgo-stangar.si\/de\/wp-json\/wp\/v2\/users\/1"}],"replies":[{"embeddable":true,"href":"https:\/\/www.kgo-stangar.si\/de\/wp-json\/wp\/v2\/comments?post=3956"}],"version-history":[{"count":3,"href":"https:\/\/www.kgo-stangar.si\/de\/wp-json\/wp\/v2\/pages\/3956\/revisions"}],"predecessor-version":[{"id":8891,"href":"https:\/\/www.kgo-stangar.si\/de\/wp-json\/wp\/v2\/pages\/3956\/revisions\/8891"}],"wp:attachment":[{"href":"https:\/\/www.kgo-stangar.si\/de\/wp-json\/wp\/v2\/media?parent=3956"}],"curies":[{"name":"wp","href":"https:\/\/api.w.org\/{rel}","templated":true}]}}