{"id":3778,"date":"2021-04-26T12:08:17","date_gmt":"2021-04-26T12:08:17","guid":{"rendered":"http:\/\/www.kgo-stangar.si\/kontakt\/"},"modified":"2025-04-02T22:57:37","modified_gmt":"2025-04-02T20:57:37","slug":"kontakt","status":"publish","type":"page","link":"https:\/\/www.kgo-stangar.si\/de\/kontakt\/","title":{"rendered":"Kontakt"},"content":{"rendered":"\n\n\t<h1>\n\t\t\t\tKontakte\n\t\t\t<\/h1>\n\t<h2>\n\t\t\t\tRufen Sie uns an!\n\t\t\t<\/h2>\n\t\t\t<p>Tel: +386 1 786 55 70, +386 1 786 45 44,+386 1 786 55 75, GSM: +386 41 758 218, +386 41 612 216Sie k\u00f6nnen uns anrufen oder das Anfrageformular ausf\u00fcllen und wir rufen Sie zur\u00fcck.<\/p>\t\n\t<div class=\"wpforms-container \" id=\"wpforms-11\"><form id=\"wpforms-form-11\" class=\"wpforms-validate wpforms-form\" data-formid=\"11\" method=\"post\" enctype=\"multipart\/form-data\" action=\"\/de\/wp-json\/wp\/v2\/pages\/3778\" data-token=\"3e55fd4281be963a28a236cc9529d2d5\" data-token-time=\"1776581887\"><noscript class=\"wpforms-error-noscript\">Bitte aktiviere JavaScript in deinem Browser, um dieses Formular fertigzustellen.<\/noscript><div class=\"wpforms-field-container\"><div id=\"wpforms-11-field_0-container\" class=\"wpforms-field wpforms-field-name\" data-field-id=\"0\"><label class=\"wpforms-field-label\" for=\"wpforms-11-field_0\">Name <span class=\"wpforms-required-label\">*<\/span><\/label><input type=\"text\" id=\"wpforms-11-field_0\" class=\"wpforms-field-large wpforms-field-required\" name=\"wpforms[fields][0]\" placeholder=\"Name\" required><\/div><div id=\"wpforms-11-field_1-container\" class=\"wpforms-field wpforms-field-email\" data-field-id=\"1\"><label class=\"wpforms-field-label\" for=\"wpforms-11-field_1\">Email <span class=\"wpforms-required-label\">*<\/span><\/label><input type=\"email\" id=\"wpforms-11-field_1\" class=\"wpforms-field-large wpforms-field-required\" name=\"wpforms[fields][1]\" placeholder=\"Email\" spellcheck=\"false\" required><\/div><div id=\"wpforms-11-field_3-container\" class=\"wpforms-field wpforms-field-number\" data-field-id=\"3\"><label class=\"wpforms-field-label\" for=\"wpforms-11-field_3\">Ihre Telefonnummer <\/label><input type=\"number\" id=\"wpforms-11-field_3\" class=\"wpforms-field-large\" name=\"wpforms[fields][3]\" placeholder=\"Ihre Telefonnummer\" step=\"any\" ><\/div><div id=\"wpforms-11-field_2-container\" class=\"wpforms-field wpforms-field-textarea\" data-field-id=\"2\"><label class=\"wpforms-field-label\" for=\"wpforms-11-field_2\">Nachricht <span class=\"wpforms-required-label\">*<\/span><\/label><textarea id=\"wpforms-11-field_2\" class=\"wpforms-field-medium wpforms-field-required\" name=\"wpforms[fields][2]\" placeholder=\"Nachricht\" required><\/textarea><\/div><\/div><!-- .wpforms-field-container --><div class=\"wpforms-field wpforms-field-hp\"><label for=\"wpforms-11-field-hp\" class=\"wpforms-field-label\">Email<\/label><input type=\"text\" name=\"wpforms[hp]\" id=\"wpforms-11-field-hp\" class=\"wpforms-field-medium\"><\/div><div class=\"wpforms-recaptcha-container wpforms-is-hcaptcha\" ><div class=\"h-captcha\" data-sitekey=\"9b0b39ed-ca94-42be-b313-5ef9f3f9aa87\"><\/div><input type=\"text\" name=\"g-recaptcha-hidden\" class=\"wpforms-recaptcha-hidden\" style=\"position:absolute!important;clip:rect(0,0,0,0)!important;height:1px!important;width:1px!important;border:0!important;overflow:hidden!important;padding:0!important;margin:0!important;\" data-rule-hcaptcha=\"1\"><\/div><div class=\"wpforms-submit-container\" ><input type=\"hidden\" name=\"wpforms[id]\" value=\"11\"><input type=\"hidden\" name=\"page_title\" value=\"\"><input type=\"hidden\" name=\"page_url\" value=\"https:\/\/www.kgo-stangar.si\/de\/wp-json\/wp\/v2\/pages\/3778\"><input type=\"hidden\" name=\"url_referer\" value=\"\"><button type=\"submit\" name=\"wpforms[submit]\" id=\"wpforms-submit-11\" class=\"wpforms-submit\" data-alt-text=\"Entsendung...\" data-submit-text=\"Senden\" aria-live=\"assertive\" value=\"wpforms-submit\">Senden<\/button><\/div><\/form><\/div>  <!-- .wpforms-container -->\n\t<h5>\n\t\t\t\tTelefon oder E-Mail\n\t\t\t<\/h5>\n\t\t\t<p>Sie k\u00f6nnen uns anrufen oder eine E-Mail senden<\/p>\t\n\t<h5>\n\t\t\t\tWir sind in ganz Slowenien t\u00e4tig\n\t\t\t<\/h5>\n\t\t\t<p>Wir befinden uns in Grosuplje 20 Minuten von Ljubljana entfernt. Wir sind in ganz Slowenien t\u00e4tig<\/p>\t\n\t<h5>\n\t\t\t\tBeratung, Ingenieurwesen\n\t\t\t<\/h5>\n\t\t\t<p>Sie sind sich nicht sicher, wo Sie anfangen sollen? Ben\u00f6tigen Sie Beratung? Neben der Fertigung bieten wir unseren Kunden auch Beratung und Engineering an.<\/p>\t\n\t<h2>\n\t\t\t\tRufen Sie uns an, wir helfen Ihnen!\n\t\t\t<\/h2>\n\t\t\t<a href=\"tel:+386 41 758 218\" target=\"_self\" role=\"button\" aria-label=\"+386 41 758 218\" rel=\"noopener\">\n\t\t\t\t\t\t\t+386 41 758 218\n\t\t<\/a>\n\t<h6>\n\t\t\t\tAdresse\n\t\t\t<\/h6>\n\t\t\t<p>KOSOVELOVA CESTA 6, 1290 GROSUPLJE<\/p>\t\n\t<h6>\n\t\t\t\tE-mail\n\t\t\t<\/h6>\n\t\t\t<p>pavel.stangar@gmail.com<\/p>\t\n\t\t\t\t<img decoding=\"async\" src=\"https:\/\/www.kgo-stangar.si\/wp-content\/uploads\/2021\/04\/kgo-logo-r3.png\" alt=\"kgo-logo-r3\" title=\"kgo-logo-r3\" itemprop=\"image\"\/>\n\t<h4>\n\t\t\t\tWir rufen Sie zur\u00fcck\n\t\t\t<\/h4>\n\t<div class=\"wpforms-container \" id=\"wpforms-10\"><form id=\"wpforms-form-10\" class=\"wpforms-validate wpforms-form\" data-formid=\"10\" method=\"post\" enctype=\"multipart\/form-data\" action=\"\/de\/wp-json\/wp\/v2\/pages\/3778\" data-token=\"8fe656044adeed238484c51d5ec0a055\" data-token-time=\"1776581887\"><noscript class=\"wpforms-error-noscript\">Bitte aktiviere JavaScript in deinem Browser, um dieses Formular fertigzustellen.<\/noscript><div class=\"wpforms-field-container\"><\/div><!-- .wpforms-field-container --><div class=\"wpforms-field wpforms-field-hp\"><label for=\"wpforms-10-field-hp\" class=\"wpforms-field-label\">Comment<\/label><input type=\"text\" name=\"wpforms[hp]\" id=\"wpforms-10-field-hp\" class=\"wpforms-field-medium\"><\/div><\/form><\/div>  <!-- .wpforms-container -->\n\t<h4>\n\t\t\t\tSchnelle Verbindungen\n\t\t\t<\/h4>\n\t<ul>\n\t\t<li><a href=\"#\" target=\"_self\" aria-label=\"Go to #\" rel=\"noopener\"><\/a><p>Referenz<\/p><\/li><li><a href=\"#\" target=\"_self\" aria-label=\"Go to #\" rel=\"noopener\"><\/a>Programm<\/li>\t<\/ul>\n\t<h4>\n\t\t\t\tIn Kontakt kommen\n\t\t\t<\/h4>\n\t<h4>\n\t\t\t\t+386 41 758 218\n\t\t\t<\/h4>\n\t<ul>\n\t\t<li><p>Arbeitszeit:<\/p><\/li><li>7:00 &#8211; 15:00<\/li><li>E: pavel.stangar@gmail.com<\/li>\t<\/ul>\n\n","protected":false},"excerpt":{"rendered":"<p>Kontakte Rufen Sie uns an! Tel: +386 1 786 55 70, +386 1 786 45 44,+386 1 786 55 75, GSM: +386 41 758 218, +386 41 612 216Sie k\u00f6nnen uns anrufen oder das Anfrageformular ausf\u00fcllen und wir rufen Sie zur\u00fcck. Telefon oder E-Mail Sie k\u00f6nnen uns anrufen oder eine E-Mail senden Wir sind in [&hellip;]<\/p>\n","protected":false},"author":1,"featured_media":0,"parent":0,"menu_order":0,"comment_status":"closed","ping_status":"closed","template":"","meta":{"site-sidebar-layout":"no-sidebar","site-content-layout":"page-builder","ast-site-content-layout":"full-width-container","site-content-style":"unboxed","site-sidebar-style":"unboxed","ast-global-header-display":"","ast-banner-title-visibility":"","ast-main-header-display":"","ast-hfb-above-header-display":"","ast-hfb-below-header-display":"","ast-hfb-mobile-header-display":"","site-post-title":"disabled","ast-breadcrumbs-content":"","ast-featured-img":"disabled","footer-sml-layout":"","ast-disable-related-posts":"","theme-transparent-header-meta":"default","adv-header-id-meta":"","stick-header-meta":"default","header-above-stick-meta":"","header-main-stick-meta":"","header-below-stick-meta":"","astra-migrate-meta-layouts":"default","ast-page-background-enabled":"default","ast-page-background-meta":{"desktop":{"background-color":"","background-image":"","background-repeat":"repeat","background-position":"center center","background-size":"auto","background-attachment":"scroll","background-type":"","background-media":"","overlay-type":"","overlay-color":"","overlay-opacity":"","overlay-gradient":""},"tablet":{"background-color":"","background-image":"","background-repeat":"repeat","background-position":"center center","background-size":"auto","background-attachment":"scroll","background-type":"","background-media":"","overlay-type":"","overlay-color":"","overlay-opacity":"","overlay-gradient":""},"mobile":{"background-color":"","background-image":"","background-repeat":"repeat","background-position":"center center","background-size":"auto","background-attachment":"scroll","background-type":"","background-media":"","overlay-type":"","overlay-color":"","overlay-opacity":"","overlay-gradient":""}},"ast-content-background-meta":{"desktop":{"background-color":"var(--ast-global-color-5)","background-image":"","background-repeat":"repeat","background-position":"center center","background-size":"auto","background-attachment":"scroll","background-type":"","background-media":"","overlay-type":"","overlay-color":"","overlay-opacity":"","overlay-gradient":""},"tablet":{"background-color":"var(--ast-global-color-5)","background-image":"","background-repeat":"repeat","background-position":"center center","background-size":"auto","background-attachment":"scroll","background-type":"","background-media":"","overlay-type":"","overlay-color":"","overlay-opacity":"","overlay-gradient":""},"mobile":{"background-color":"var(--ast-global-color-5)","background-image":"","background-repeat":"repeat","background-position":"center center","background-size":"auto","background-attachment":"scroll","background-type":"","background-media":"","overlay-type":"","overlay-color":"","overlay-opacity":"","overlay-gradient":""}},"pgc_sgb_lightbox_settings":"","footnotes":""},"class_list":["post-3778","page","type-page","status-publish","hentry"],"yoast_head":"<!-- This site is optimized with the Yoast SEO plugin v26.8 - https:\/\/yoast.com\/product\/yoast-seo-wordpress\/ -->\n<title>Kontakt - Gostinska oprema KGO<\/title>\n<meta name=\"robots\" content=\"index, follow, max-snippet:-1, max-image-preview:large, max-video-preview:-1\" \/>\n<link rel=\"canonical\" href=\"https:\/\/www.kgo-stangar.si\/de\/kontakt\/\" \/>\n<meta property=\"og:locale\" content=\"de_DE\" \/>\n<meta property=\"og:type\" content=\"article\" \/>\n<meta property=\"og:title\" content=\"Kontakt - Gostinska oprema KGO\" \/>\n<meta property=\"og:description\" content=\"Kontakte Rufen Sie uns an! Tel: +386 1 786 55 70, +386 1 786 45 44,+386 1 786 55 75, GSM: +386 41 758 218, +386 41 612 216Sie k\u00f6nnen uns anrufen oder das Anfrageformular ausf\u00fcllen und wir rufen Sie zur\u00fcck. Telefon oder E-Mail Sie k\u00f6nnen uns anrufen oder eine E-Mail senden Wir sind in [&hellip;]\" \/>\n<meta property=\"og:url\" content=\"https:\/\/www.kgo-stangar.si\/de\/kontakt\/\" \/>\n<meta property=\"og:site_name\" content=\"Gostinska oprema KGO\" \/>\n<meta property=\"article:modified_time\" content=\"2025-04-02T20:57:37+00:00\" \/>\n<meta property=\"og:image\" content=\"https:\/\/www.kgo-stangar.si\/wp-content\/uploads\/2021\/04\/kgo-logo-r3.png\" \/>\n<meta name=\"twitter:card\" content=\"summary_large_image\" \/>\n<meta name=\"twitter:label1\" content=\"Gesch\u00e4tzte Lesezeit\" \/>\n\t<meta name=\"twitter:data1\" content=\"1\u00a0Minute\" \/>\n<script type=\"application\/ld+json\" class=\"yoast-schema-graph\">{\"@context\":\"https:\/\/schema.org\",\"@graph\":[{\"@type\":\"WebPage\",\"@id\":\"https:\/\/www.kgo-stangar.si\/de\/kontakt\/\",\"url\":\"https:\/\/www.kgo-stangar.si\/de\/kontakt\/\",\"name\":\"Kontakt - Gostinska oprema KGO\",\"isPartOf\":{\"@id\":\"https:\/\/www.kgo-stangar.si\/#website\"},\"primaryImageOfPage\":{\"@id\":\"https:\/\/www.kgo-stangar.si\/de\/kontakt\/#primaryimage\"},\"image\":{\"@id\":\"https:\/\/www.kgo-stangar.si\/de\/kontakt\/#primaryimage\"},\"thumbnailUrl\":\"https:\/\/www.kgo-stangar.si\/wp-content\/uploads\/2021\/04\/kgo-logo-r3.png\",\"datePublished\":\"2021-04-26T12:08:17+00:00\",\"dateModified\":\"2025-04-02T20:57:37+00:00\",\"breadcrumb\":{\"@id\":\"https:\/\/www.kgo-stangar.si\/de\/kontakt\/#breadcrumb\"},\"inLanguage\":\"de\",\"potentialAction\":[{\"@type\":\"ReadAction\",\"target\":[\"https:\/\/www.kgo-stangar.si\/de\/kontakt\/\"]}]},{\"@type\":\"ImageObject\",\"inLanguage\":\"de\",\"@id\":\"https:\/\/www.kgo-stangar.si\/de\/kontakt\/#primaryimage\",\"url\":\"https:\/\/www.kgo-stangar.si\/wp-content\/uploads\/2021\/04\/kgo-logo-r3.png\",\"contentUrl\":\"https:\/\/www.kgo-stangar.si\/wp-content\/uploads\/2021\/04\/kgo-logo-r3.png\"},{\"@type\":\"BreadcrumbList\",\"@id\":\"https:\/\/www.kgo-stangar.si\/de\/kontakt\/#breadcrumb\",\"itemListElement\":[{\"@type\":\"ListItem\",\"position\":1,\"name\":\"Home\",\"item\":\"https:\/\/www.kgo-stangar.si\/de\/\"},{\"@type\":\"ListItem\",\"position\":2,\"name\":\"Kontakt\"}]},{\"@type\":\"WebSite\",\"@id\":\"https:\/\/www.kgo-stangar.si\/#website\",\"url\":\"https:\/\/www.kgo-stangar.si\/\",\"name\":\"Gostinska oprema KGO\",\"description\":\"KGO \u0160tangar\",\"publisher\":{\"@id\":\"https:\/\/www.kgo-stangar.si\/#organization\"},\"potentialAction\":[{\"@type\":\"SearchAction\",\"target\":{\"@type\":\"EntryPoint\",\"urlTemplate\":\"https:\/\/www.kgo-stangar.si\/?s={search_term_string}\"},\"query-input\":{\"@type\":\"PropertyValueSpecification\",\"valueRequired\":true,\"valueName\":\"search_term_string\"}}],\"inLanguage\":\"de\"},{\"@type\":\"Organization\",\"@id\":\"https:\/\/www.kgo-stangar.si\/#organization\",\"name\":\"Gostinska oprema KGO\",\"url\":\"https:\/\/www.kgo-stangar.si\/\",\"logo\":{\"@type\":\"ImageObject\",\"inLanguage\":\"de\",\"@id\":\"https:\/\/www.kgo-stangar.si\/#\/schema\/logo\/image\/\",\"url\":\"https:\/\/www.kgo-stangar.si\/wp-content\/uploads\/2021\/04\/kgo-logo-r3-1.png\",\"contentUrl\":\"https:\/\/www.kgo-stangar.si\/wp-content\/uploads\/2021\/04\/kgo-logo-r3-1.png\",\"width\":213,\"height\":71,\"caption\":\"Gostinska oprema KGO\"},\"image\":{\"@id\":\"https:\/\/www.kgo-stangar.si\/#\/schema\/logo\/image\/\"}}]}<\/script>\n<!-- \/ Yoast SEO plugin. -->","yoast_head_json":{"title":"Kontakt - Gostinska oprema KGO","robots":{"index":"index","follow":"follow","max-snippet":"max-snippet:-1","max-image-preview":"max-image-preview:large","max-video-preview":"max-video-preview:-1"},"canonical":"https:\/\/www.kgo-stangar.si\/de\/kontakt\/","og_locale":"de_DE","og_type":"article","og_title":"Kontakt - Gostinska oprema KGO","og_description":"Kontakte Rufen Sie uns an! Tel: +386 1 786 55 70, +386 1 786 45 44,+386 1 786 55 75, GSM: +386 41 758 218, +386 41 612 216Sie k\u00f6nnen uns anrufen oder das Anfrageformular ausf\u00fcllen und wir rufen Sie zur\u00fcck. Telefon oder E-Mail Sie k\u00f6nnen uns anrufen oder eine E-Mail senden Wir sind in [&hellip;]","og_url":"https:\/\/www.kgo-stangar.si\/de\/kontakt\/","og_site_name":"Gostinska oprema KGO","article_modified_time":"2025-04-02T20:57:37+00:00","og_image":[{"url":"https:\/\/www.kgo-stangar.si\/wp-content\/uploads\/2021\/04\/kgo-logo-r3.png","type":"","width":"","height":""}],"twitter_card":"summary_large_image","twitter_misc":{"Gesch\u00e4tzte Lesezeit":"1\u00a0Minute"},"schema":{"@context":"https:\/\/schema.org","@graph":[{"@type":"WebPage","@id":"https:\/\/www.kgo-stangar.si\/de\/kontakt\/","url":"https:\/\/www.kgo-stangar.si\/de\/kontakt\/","name":"Kontakt - Gostinska oprema KGO","isPartOf":{"@id":"https:\/\/www.kgo-stangar.si\/#website"},"primaryImageOfPage":{"@id":"https:\/\/www.kgo-stangar.si\/de\/kontakt\/#primaryimage"},"image":{"@id":"https:\/\/www.kgo-stangar.si\/de\/kontakt\/#primaryimage"},"thumbnailUrl":"https:\/\/www.kgo-stangar.si\/wp-content\/uploads\/2021\/04\/kgo-logo-r3.png","datePublished":"2021-04-26T12:08:17+00:00","dateModified":"2025-04-02T20:57:37+00:00","breadcrumb":{"@id":"https:\/\/www.kgo-stangar.si\/de\/kontakt\/#breadcrumb"},"inLanguage":"de","potentialAction":[{"@type":"ReadAction","target":["https:\/\/www.kgo-stangar.si\/de\/kontakt\/"]}]},{"@type":"ImageObject","inLanguage":"de","@id":"https:\/\/www.kgo-stangar.si\/de\/kontakt\/#primaryimage","url":"https:\/\/www.kgo-stangar.si\/wp-content\/uploads\/2021\/04\/kgo-logo-r3.png","contentUrl":"https:\/\/www.kgo-stangar.si\/wp-content\/uploads\/2021\/04\/kgo-logo-r3.png"},{"@type":"BreadcrumbList","@id":"https:\/\/www.kgo-stangar.si\/de\/kontakt\/#breadcrumb","itemListElement":[{"@type":"ListItem","position":1,"name":"Home","item":"https:\/\/www.kgo-stangar.si\/de\/"},{"@type":"ListItem","position":2,"name":"Kontakt"}]},{"@type":"WebSite","@id":"https:\/\/www.kgo-stangar.si\/#website","url":"https:\/\/www.kgo-stangar.si\/","name":"Gostinska oprema KGO","description":"KGO \u0160tangar","publisher":{"@id":"https:\/\/www.kgo-stangar.si\/#organization"},"potentialAction":[{"@type":"SearchAction","target":{"@type":"EntryPoint","urlTemplate":"https:\/\/www.kgo-stangar.si\/?s={search_term_string}"},"query-input":{"@type":"PropertyValueSpecification","valueRequired":true,"valueName":"search_term_string"}}],"inLanguage":"de"},{"@type":"Organization","@id":"https:\/\/www.kgo-stangar.si\/#organization","name":"Gostinska oprema KGO","url":"https:\/\/www.kgo-stangar.si\/","logo":{"@type":"ImageObject","inLanguage":"de","@id":"https:\/\/www.kgo-stangar.si\/#\/schema\/logo\/image\/","url":"https:\/\/www.kgo-stangar.si\/wp-content\/uploads\/2021\/04\/kgo-logo-r3-1.png","contentUrl":"https:\/\/www.kgo-stangar.si\/wp-content\/uploads\/2021\/04\/kgo-logo-r3-1.png","width":213,"height":71,"caption":"Gostinska oprema KGO"},"image":{"@id":"https:\/\/www.kgo-stangar.si\/#\/schema\/logo\/image\/"}}]}},"jetpack_sharing_enabled":true,"_links":{"self":[{"href":"https:\/\/www.kgo-stangar.si\/de\/wp-json\/wp\/v2\/pages\/3778","targetHints":{"allow":["GET"]}}],"collection":[{"href":"https:\/\/www.kgo-stangar.si\/de\/wp-json\/wp\/v2\/pages"}],"about":[{"href":"https:\/\/www.kgo-stangar.si\/de\/wp-json\/wp\/v2\/types\/page"}],"author":[{"embeddable":true,"href":"https:\/\/www.kgo-stangar.si\/de\/wp-json\/wp\/v2\/users\/1"}],"replies":[{"embeddable":true,"href":"https:\/\/www.kgo-stangar.si\/de\/wp-json\/wp\/v2\/comments?post=3778"}],"version-history":[{"count":2,"href":"https:\/\/www.kgo-stangar.si\/de\/wp-json\/wp\/v2\/pages\/3778\/revisions"}],"predecessor-version":[{"id":8912,"href":"https:\/\/www.kgo-stangar.si\/de\/wp-json\/wp\/v2\/pages\/3778\/revisions\/8912"}],"wp:attachment":[{"href":"https:\/\/www.kgo-stangar.si\/de\/wp-json\/wp\/v2\/media?parent=3778"}],"curies":[{"name":"wp","href":"https:\/\/api.w.org\/{rel}","templated":true}]}}