{"id":3686,"date":"2021-04-26T11:45:59","date_gmt":"2021-04-26T11:45:59","guid":{"rendered":"http:\/\/www.kgo-stangar.si\/verkaufsprogramm\/"},"modified":"2025-02-14T18:07:51","modified_gmt":"2025-02-14T18:07:51","slug":"verkaufsprogramm","status":"publish","type":"page","link":"https:\/\/www.kgo-stangar.si\/de\/verkaufsprogramm\/","title":{"rendered":"Verkaufsprogramm"},"content":{"rendered":"\n\n\t<h1>\n\t\t\t\tVerkaufsprogramm\n\t\t\t<\/h1>\n\t<h5>\n\t\t\t\t<a href=\"http:\/\/www.kgo-stangar.si\/de\/restaurant-kuechenausstattung\/\" title=\"Restaurant K\u00fcchenausstattung\" target=\"_self\" rel=\"noopener\">\n\t\t\t\tRestaurant K\u00fcchenausstattung\n\t\t\t\t<\/a>\n\t\t\t<\/h5>\n\t\t\t\t<a href=\"http:\/\/www.kgo-stangar.si\/de\/restaurant-kuechenausstattung\/\" target=\"_self\" itemprop=\"url\" rel=\"noopener\">\n\t\t\t\t<img decoding=\"async\" src=\"https:\/\/www.kgo-stangar.si\/wp-content\/uploads\/2020\/12\/hlajen-retro-pult1.jpg\" alt=\"hlajen-retro-pult1\" itemprop=\"image\" title=\"hlajen-retro-pult1\" onerror=\"this.style.display='none'\"  \/>\n\t\t\t\t<\/a>\n\t<h5>\n\t\t\t\t<a href=\"http:\/\/www.kgo-stangar.si\/de\/restaurantschalter\/\" title=\"Restaurantschalter\" target=\"_self\" rel=\"noopener\">\n\t\t\t\tRestaurantschalter\n\t\t\t\t<\/a>\n\t\t\t<\/h5>\n\t\t\t\t<a href=\"http:\/\/www.kgo-stangar.si\/de\/restaurantschalter\/\" target=\"_self\" itemprop=\"url\" rel=\"noopener\">\n\t\t\t\t<img decoding=\"async\" src=\"https:\/\/www.kgo-stangar.si\/wp-content\/uploads\/2020\/12\/retro-pult-5.jpg\" alt=\"retro-pult-5\" itemprop=\"image\" title=\"retro-pult-5\" onerror=\"this.style.display='none'\"  \/>\n\t\t\t\t<\/a>\n\t<h5>\n\t\t\t\t<a href=\"http:\/\/www.kgo-stangar.si\/de\/kundenspezifische-ausruestung\/\" title=\"Kundenspezifische Ausr\u00fcstung\" target=\"_self\" rel=\"noopener\">\n\t\t\t\tKundenspezifische Ausr\u00fcstung\n\t\t\t\t<\/a>\n\t\t\t<\/h5>\n\t\t\t\t<a href=\"http:\/\/www.kgo-stangar.si\/de\/kundenspezifische-ausruestung\/\" target=\"_self\" itemprop=\"url\" rel=\"noopener\">\n\t\t\t\t<img decoding=\"async\" src=\"https:\/\/www.kgo-stangar.si\/wp-content\/uploads\/2020\/12\/pomivalna-korita-gospodinjska-2.jpg\" alt=\"pomivalna-korita-gospodinjska-2\" itemprop=\"image\" title=\"pomivalna-korita-gospodinjska-2\" onerror=\"this.style.display='none'\"  \/>\n\t\t\t\t<\/a>\n\t<h5>\n\t\t\t\t<a href=\"http:\/\/www.kgo-stangar.si\/de\/haushaltskuechen-aus-edelstahl\/\" title=\"Haushaltsk\u00fcche aus Edelstahl\" target=\"_self\" rel=\"noopener\">\n\t\t\t\tHaushaltsk\u00fcche aus Edelstahl\n\t\t\t\t<\/a>\n\t\t\t<\/h5>\n\t\t\t\t<a href=\"http:\/\/www.kgo-stangar.si\/de\/haushaltskuechen-aus-edelstahl\/\" target=\"_self\" itemprop=\"url\" rel=\"noopener\">\n\t\t\t\t<img decoding=\"async\" src=\"https:\/\/www.kgo-stangar.si\/wp-content\/uploads\/2020\/12\/primer-gospodinjske-kuhinje-inox-izvedba-2.jpg\" alt=\"primer-gospodinjske-kuhinje-inox-izvedba-2\" itemprop=\"image\" title=\"primer-gospodinjske-kuhinje-inox-izvedba-2\" onerror=\"this.style.display='none'\"  \/>\n\t\t\t\t<\/a>\n\t<h5>\n\t\t\t\t<a href=\"http:\/\/www.kgo-stangar.si\/de\/sanitaerkeramik\/\" title=\"Sanit\u00e4rkeramik\" target=\"_self\" rel=\"noopener\">\n\t\t\t\tSanit\u00e4rkeramik\n\t\t\t\t<\/a>\n\t\t\t<\/h5>\n\t\t\t\t<a href=\"http:\/\/www.kgo-stangar.si\/de\/sanitaerkeramik\/\" target=\"_self\" itemprop=\"url\" rel=\"noopener\">\n\t\t\t\t<img decoding=\"async\" src=\"https:\/\/www.kgo-stangar.si\/wp-content\/uploads\/2020\/12\/inox-pisoar-1.jpg\" alt=\"inox-pisoar\" itemprop=\"image\" title=\"inox-pisoar\" onerror=\"this.style.display='none'\"  \/>\n\t\t\t\t<\/a>\n\t<h5>\n\t\t\t\t<a href=\"http:\/\/www.kgo-stangar.si\/de\/chirurgische-troege-zum-haendewaschen\/\" title=\"Chirurgische Tr\u00f6ge zum H\u00e4ndewaschen\" target=\"_self\" rel=\"noopener\">\n\t\t\t\tChirurgische Tr\u00f6ge zum H\u00e4ndewaschen\n\t\t\t\t<\/a>\n\t\t\t<\/h5>\n\t\t\t\t<a href=\"http:\/\/www.kgo-stangar.si\/de\/chirurgische-troege-zum-haendewaschen\/\" target=\"_self\" itemprop=\"url\" rel=\"noopener\">\n\t\t\t\t<img decoding=\"async\" src=\"https:\/\/www.kgo-stangar.si\/wp-content\/uploads\/2020\/12\/kirurska-korita-za-umivanje-rok.jpg\" alt=\"kirurska-korita-za-umivanje-rok\" itemprop=\"image\" title=\"kirurska-korita-za-umivanje-rok\" onerror=\"this.style.display='none'\"  \/>\n\t\t\t\t<\/a>\n\t<h5>\n\t\t\t\t<a href=\"http:\/\/www.kgo-stangar.si\/de\/bodengitter\/\" title=\"Bodengitter\" target=\"_self\" rel=\"noopener\">\n\t\t\t\tBodengitter\n\t\t\t\t<\/a>\n\t\t\t<\/h5>\n\t\t\t\t<a href=\"http:\/\/www.kgo-stangar.si\/de\/bodengitter\/\" target=\"_self\" itemprop=\"url\" rel=\"noopener\">\n\t\t\t\t<img decoding=\"async\" src=\"https:\/\/www.kgo-stangar.si\/wp-content\/uploads\/2020\/12\/talne-resetke-2.jpg\" alt=\"talne-resetke-2\" itemprop=\"image\" title=\"talne-resetke-2\" onerror=\"this.style.display='none'\"  \/>\n\t\t\t\t<\/a>\n\t<h5>\n\t\t\t\tSteckwanne\n\t\t\t<\/h5>\n\t\t\t\t<img decoding=\"async\" src=\"https:\/\/www.kgo-stangar.si\/wp-content\/uploads\/2021\/03\/nasadno-pomivalno-korito-izdelano-meri-slika-19705929.jpg\" alt=\"nasadno-pomivalno-korito-izdelano-meri-slika-19705929\" itemprop=\"image\" title=\"nasadno-pomivalno-korito-izdelano-meri-slika-19705929\" onerror=\"this.style.display='none'\"  \/>\n\t<h5>\n\t\t\t\t<a href=\"http:\/\/www.kgo-stangar.si\/de\/edelstahlkessel-zum-braten-von-kastanien-auf-holzkohle\/\" title=\"Edelstahlkessel zum Braten von Kastanien\" target=\"_self\" rel=\"noopener\">\n\t\t\t\tEdelstahlkessel zum Braten von Kastanien\n\t\t\t\t<\/a>\n\t\t\t<\/h5>\n\t\t\t\t<a href=\"http:\/\/www.kgo-stangar.si\/de\/edelstahlkessel-zum-braten-von-kastanien-auf-holzkohle\/\" target=\"_self\" itemprop=\"url\" rel=\"noopener\">\n\t\t\t\t<img decoding=\"async\" src=\"https:\/\/www.kgo-stangar.si\/wp-content\/uploads\/2020\/12\/inox-kotel-pecenje-kostanja-oglje.jpg\" alt=\"inox-kotel-pecenje-kostanja-oglje\" itemprop=\"image\" title=\"inox-kotel-pecenje-kostanja-oglje\" onerror=\"this.style.display='none'\"  \/>\n\t\t\t\t<\/a>\n\t<h2>\n\t\t\t\tSonderanfertigung\n\t\t\t<\/h2>\n\t\t\t<p>Wir passen uns unseren Kunden an und helfen ihnen, den Raum optimal zu nutzen. <\/p>\t\n\t<ul>\n\t\t<li><p>Haushaltsk\u00fcche aus Edelstahl<\/p><\/li><li>Restaurantschalter<\/li><li>Catering-Schalter<\/li>\t<\/ul>\n\t<ul>\n\t\t<li><p>Catering gek\u00fchlte K\u00fcchenger\u00e4te<\/p><\/li><li>Restaurant Pizzaschalter<\/li><li>Salatbars &#8211; Schaufenster<\/li>\t<\/ul>\n\t<ul>\n\t\t<li><p>Mobile K\u00fcchen &#8211; Mobile K\u00fcchen<\/p><\/li><li>Bodengitter<\/li><li>Kundenspezifische Ausr\u00fcstung<\/li>\t<\/ul>\n\t<ul>\n\t\t<li><p>Chirurgische Tr\u00f6ge zum H\u00e4ndewaschen<\/p><\/li><li>Restaurantschalter<\/li><li>Sanit\u00e4rkeramik<\/li>\t<\/ul>\n\t<h3>\n\t\t\t\tBen\u00f6tigen Sie ein Angebot?\n\t\t\t<\/h3>\n\t\t\t<a href=\"http:\/\/www.kgo-stangar.si\/kontakt\/\" target=\"_self\" role=\"button\" aria-label=\"Kontaktiere uns\" rel=\"noopener\">\n\t\t\t\t\t\t\tKontaktiere uns\n\t\t<\/a>\n\t\t\t\t<img decoding=\"async\" src=\"https:\/\/www.kgo-stangar.si\/wp-content\/uploads\/2020\/09\/IDRIJA-CENTRAL-BAR-01__jpg_1280x1024_upscale_q85-1.jpg\" alt=\"IDRIJA CENTRAL BAR 01__jpg_1280x1024_upscale_q85\" title=\"IDRIJA CENTRAL BAR 01__jpg_1280x1024_upscale_q85\" itemprop=\"image\"\/>\n\t\t\t\t<img decoding=\"async\" src=\"https:\/\/www.kgo-stangar.si\/wp-content\/uploads\/2020\/09\/IMG_9438_jpg_1280x1024_upscale_q85.jpg\" alt=\"IMG_9438_jpg_1280x1024_upscale_q85\" title=\"IMG_9438_jpg_1280x1024_upscale_q85\" itemprop=\"image\"\/>\n\t\t\t\t<img decoding=\"async\" src=\"https:\/\/www.kgo-stangar.si\/wp-content\/uploads\/2020\/09\/IMG_9378_jpg_1280x1024_upscale_q85-1.jpg\" alt=\"IMG_9378_jpg_1280x1024_upscale_q85\" title=\"IMG_9378_jpg_1280x1024_upscale_q85\" itemprop=\"image\"\/>\n\t\t\t\t<img decoding=\"async\" src=\"https:\/\/www.kgo-stangar.si\/wp-content\/uploads\/2020\/09\/IMG_2989-01_jpg_1280x1024_upscale_q85.jpg\" alt=\"IMG_2989-01_jpg_1280x1024_upscale_q85\" title=\"IMG_2989-01_jpg_1280x1024_upscale_q85\" itemprop=\"image\"\/>\n\t\t\t\t<img decoding=\"async\" src=\"https:\/\/www.kgo-stangar.si\/wp-content\/uploads\/2020\/09\/IDRIJA-CENTRAL-BAR-10_jpg_1280x1024_upscale_q85.jpg\" alt=\"IDRIJA CENTRAL BAR 10_jpg_1280x1024_upscale_q85\" title=\"IDRIJA CENTRAL BAR 10_jpg_1280x1024_upscale_q85\" itemprop=\"image\"\/>\n\t\t\t\t<img decoding=\"async\" src=\"https:\/\/www.kgo-stangar.si\/wp-content\/uploads\/2020\/09\/IDRIJA-CENTRAL-BAR-01__jpg_1280x1024_upscale_q85-1.jpg\" alt=\"IDRIJA CENTRAL BAR 01__jpg_1280x1024_upscale_q85\" title=\"IDRIJA CENTRAL BAR 01__jpg_1280x1024_upscale_q85\" itemprop=\"image\"\/>\n\t\t\t\t<img decoding=\"async\" src=\"https:\/\/www.kgo-stangar.si\/wp-content\/uploads\/2021\/04\/kgo-logo-r3-2.png\" alt=\"kgo-logo-r3\" title=\"kgo-logo-r3\" itemprop=\"image\"\/>\n\t<h4>\n\t\t\t\tWir rufen Sie zur\u00fcck\n\t\t\t<\/h4>\n\t<div class=\"wpforms-container \" id=\"wpforms-10\"><form id=\"wpforms-form-10\" class=\"wpforms-validate wpforms-form\" data-formid=\"10\" method=\"post\" enctype=\"multipart\/form-data\" action=\"\/de\/wp-json\/wp\/v2\/pages\/3686\" data-token=\"1ec4e9611015a36e7e4e549028933e3e\" data-token-time=\"1777952898\"><noscript class=\"wpforms-error-noscript\">Bitte aktiviere JavaScript in deinem Browser, um dieses Formular fertigzustellen.<\/noscript><div class=\"wpforms-field-container\"><\/div><!-- .wpforms-field-container --><div class=\"wpforms-field wpforms-field-hp\"><label for=\"wpforms-10-field-hp\" class=\"wpforms-field-label\">Email<\/label><input type=\"text\" name=\"wpforms[hp]\" id=\"wpforms-10-field-hp\" class=\"wpforms-field-medium\"><\/div><\/form><\/div>  <!-- .wpforms-container -->\n\t<h4>\n\t\t\t\tSchnelle Verbindungen\n\t\t\t<\/h4>\n\t<ul>\n\t\t<li><a href=\"#\" target=\"_self\" aria-label=\"Go to #\" rel=\"noopener\"><\/a><p>Referenz<\/p><\/li><li><a href=\"#\" target=\"_self\" aria-label=\"Go to #\" rel=\"noopener\"><\/a>Program<\/li>\t<\/ul>\n\t<h4>\n\t\t\t\tIn Kontakt kommen\n\t\t\t<\/h4>\n\t<h4>\n\t\t\t\t+386 41 758 218\n\t\t\t<\/h4>\n\t<ul>\n\t\t<li><p>Arbeitszeit:<\/p><\/li><li>7:00 &#8211; 15:00<\/li><li>E: pavel.stangar@gmail.com<\/li>\t<\/ul>\n\n","protected":false},"excerpt":{"rendered":"<p>Verkaufsprogramm Restaurant K\u00fcchenausstattung Restaurantschalter Kundenspezifische Ausr\u00fcstung Haushaltsk\u00fcche aus Edelstahl Sanit\u00e4rkeramik Chirurgische Tr\u00f6ge zum H\u00e4ndewaschen Bodengitter Steckwanne Edelstahlkessel zum Braten von Kastanien Sonderanfertigung Wir passen uns unseren Kunden an und helfen ihnen, den Raum optimal zu nutzen. Haushaltsk\u00fcche aus Edelstahl Restaurantschalter Catering-Schalter Catering gek\u00fchlte K\u00fcchenger\u00e4te Restaurant Pizzaschalter Salatbars &#8211; Schaufenster Mobile K\u00fcchen &#8211; Mobile K\u00fcchen Bodengitter [&hellip;]<\/p>\n","protected":false},"author":1,"featured_media":0,"parent":0,"menu_order":0,"comment_status":"closed","ping_status":"closed","template":"","meta":{"site-sidebar-layout":"no-sidebar","site-content-layout":"page-builder","ast-site-content-layout":"full-width-container","site-content-style":"unboxed","site-sidebar-style":"unboxed","ast-global-header-display":"","ast-banner-title-visibility":"","ast-main-header-display":"","ast-hfb-above-header-display":"","ast-hfb-below-header-display":"","ast-hfb-mobile-header-display":"","site-post-title":"disabled","ast-breadcrumbs-content":"","ast-featured-img":"disabled","footer-sml-layout":"","ast-disable-related-posts":"","theme-transparent-header-meta":"","adv-header-id-meta":"","stick-header-meta":"","header-above-stick-meta":"","header-main-stick-meta":"","header-below-stick-meta":"","astra-migrate-meta-layouts":"default","ast-page-background-enabled":"default","ast-page-background-meta":{"desktop":{"background-color":"","background-image":"","background-repeat":"repeat","background-position":"center center","background-size":"auto","background-attachment":"scroll","background-type":"","background-media":"","overlay-type":"","overlay-color":"","overlay-opacity":"","overlay-gradient":""},"tablet":{"background-color":"","background-image":"","background-repeat":"repeat","background-position":"center center","background-size":"auto","background-attachment":"scroll","background-type":"","background-media":"","overlay-type":"","overlay-color":"","overlay-opacity":"","overlay-gradient":""},"mobile":{"background-color":"","background-image":"","background-repeat":"repeat","background-position":"center center","background-size":"auto","background-attachment":"scroll","background-type":"","background-media":"","overlay-type":"","overlay-color":"","overlay-opacity":"","overlay-gradient":""}},"ast-content-background-meta":{"desktop":{"background-color":"var(--ast-global-color-5)","background-image":"","background-repeat":"repeat","background-position":"center center","background-size":"auto","background-attachment":"scroll","background-type":"","background-media":"","overlay-type":"","overlay-color":"","overlay-opacity":"","overlay-gradient":""},"tablet":{"background-color":"var(--ast-global-color-5)","background-image":"","background-repeat":"repeat","background-position":"center center","background-size":"auto","background-attachment":"scroll","background-type":"","background-media":"","overlay-type":"","overlay-color":"","overlay-opacity":"","overlay-gradient":""},"mobile":{"background-color":"var(--ast-global-color-5)","background-image":"","background-repeat":"repeat","background-position":"center center","background-size":"auto","background-attachment":"scroll","background-type":"","background-media":"","overlay-type":"","overlay-color":"","overlay-opacity":"","overlay-gradient":""}},"pgc_sgb_lightbox_settings":"","footnotes":""},"class_list":["post-3686","page","type-page","status-publish","hentry"],"yoast_head":"<!-- This site is optimized with the Yoast SEO plugin v26.8 - https:\/\/yoast.com\/product\/yoast-seo-wordpress\/ -->\n<title>Verkaufsprogramm - Gostinska oprema KGO<\/title>\n<meta name=\"robots\" content=\"index, follow, max-snippet:-1, max-image-preview:large, max-video-preview:-1\" \/>\n<link rel=\"canonical\" href=\"https:\/\/www.kgo-stangar.si\/de\/verkaufsprogramm\/\" \/>\n<meta property=\"og:locale\" content=\"de_DE\" \/>\n<meta property=\"og:type\" content=\"article\" \/>\n<meta property=\"og:title\" content=\"Verkaufsprogramm - Gostinska oprema KGO\" \/>\n<meta property=\"og:description\" content=\"Verkaufsprogramm Restaurant K\u00fcchenausstattung Restaurantschalter Kundenspezifische Ausr\u00fcstung Haushaltsk\u00fcche aus Edelstahl Sanit\u00e4rkeramik Chirurgische Tr\u00f6ge zum H\u00e4ndewaschen Bodengitter Steckwanne Edelstahlkessel zum Braten von Kastanien Sonderanfertigung Wir passen uns unseren Kunden an und helfen ihnen, den Raum optimal zu nutzen. Haushaltsk\u00fcche aus Edelstahl Restaurantschalter Catering-Schalter Catering gek\u00fchlte K\u00fcchenger\u00e4te Restaurant Pizzaschalter Salatbars &#8211; Schaufenster Mobile K\u00fcchen &#8211; Mobile K\u00fcchen Bodengitter [&hellip;]\" \/>\n<meta property=\"og:url\" content=\"https:\/\/www.kgo-stangar.si\/de\/verkaufsprogramm\/\" \/>\n<meta property=\"og:site_name\" content=\"Gostinska oprema KGO\" \/>\n<meta property=\"article:modified_time\" content=\"2025-02-14T18:07:51+00:00\" \/>\n<meta property=\"og:image\" content=\"https:\/\/www.kgo-stangar.si\/wp-content\/uploads\/2020\/12\/hlajen-retro-pult1.jpg\" \/>\n<meta name=\"twitter:card\" content=\"summary_large_image\" \/>\n<script type=\"application\/ld+json\" class=\"yoast-schema-graph\">{\"@context\":\"https:\/\/schema.org\",\"@graph\":[{\"@type\":\"WebPage\",\"@id\":\"https:\/\/www.kgo-stangar.si\/de\/verkaufsprogramm\/\",\"url\":\"https:\/\/www.kgo-stangar.si\/de\/verkaufsprogramm\/\",\"name\":\"Verkaufsprogramm - Gostinska oprema KGO\",\"isPartOf\":{\"@id\":\"https:\/\/www.kgo-stangar.si\/#website\"},\"primaryImageOfPage\":{\"@id\":\"https:\/\/www.kgo-stangar.si\/de\/verkaufsprogramm\/#primaryimage\"},\"image\":{\"@id\":\"https:\/\/www.kgo-stangar.si\/de\/verkaufsprogramm\/#primaryimage\"},\"thumbnailUrl\":\"https:\/\/www.kgo-stangar.si\/wp-content\/uploads\/2020\/12\/hlajen-retro-pult1.jpg\",\"datePublished\":\"2021-04-26T11:45:59+00:00\",\"dateModified\":\"2025-02-14T18:07:51+00:00\",\"breadcrumb\":{\"@id\":\"https:\/\/www.kgo-stangar.si\/de\/verkaufsprogramm\/#breadcrumb\"},\"inLanguage\":\"de\",\"potentialAction\":[{\"@type\":\"ReadAction\",\"target\":[\"https:\/\/www.kgo-stangar.si\/de\/verkaufsprogramm\/\"]}]},{\"@type\":\"ImageObject\",\"inLanguage\":\"de\",\"@id\":\"https:\/\/www.kgo-stangar.si\/de\/verkaufsprogramm\/#primaryimage\",\"url\":\"https:\/\/www.kgo-stangar.si\/wp-content\/uploads\/2020\/12\/hlajen-retro-pult1.jpg\",\"contentUrl\":\"https:\/\/www.kgo-stangar.si\/wp-content\/uploads\/2020\/12\/hlajen-retro-pult1.jpg\"},{\"@type\":\"BreadcrumbList\",\"@id\":\"https:\/\/www.kgo-stangar.si\/de\/verkaufsprogramm\/#breadcrumb\",\"itemListElement\":[{\"@type\":\"ListItem\",\"position\":1,\"name\":\"Home\",\"item\":\"https:\/\/www.kgo-stangar.si\/de\/\"},{\"@type\":\"ListItem\",\"position\":2,\"name\":\"Verkaufsprogramm\"}]},{\"@type\":\"WebSite\",\"@id\":\"https:\/\/www.kgo-stangar.si\/#website\",\"url\":\"https:\/\/www.kgo-stangar.si\/\",\"name\":\"Gostinska oprema KGO\",\"description\":\"KGO \u0160tangar\",\"publisher\":{\"@id\":\"https:\/\/www.kgo-stangar.si\/#organization\"},\"potentialAction\":[{\"@type\":\"SearchAction\",\"target\":{\"@type\":\"EntryPoint\",\"urlTemplate\":\"https:\/\/www.kgo-stangar.si\/?s={search_term_string}\"},\"query-input\":{\"@type\":\"PropertyValueSpecification\",\"valueRequired\":true,\"valueName\":\"search_term_string\"}}],\"inLanguage\":\"de\"},{\"@type\":\"Organization\",\"@id\":\"https:\/\/www.kgo-stangar.si\/#organization\",\"name\":\"Gostinska oprema KGO\",\"url\":\"https:\/\/www.kgo-stangar.si\/\",\"logo\":{\"@type\":\"ImageObject\",\"inLanguage\":\"de\",\"@id\":\"https:\/\/www.kgo-stangar.si\/#\/schema\/logo\/image\/\",\"url\":\"https:\/\/www.kgo-stangar.si\/wp-content\/uploads\/2021\/04\/kgo-logo-r3-1.png\",\"contentUrl\":\"https:\/\/www.kgo-stangar.si\/wp-content\/uploads\/2021\/04\/kgo-logo-r3-1.png\",\"width\":213,\"height\":71,\"caption\":\"Gostinska oprema KGO\"},\"image\":{\"@id\":\"https:\/\/www.kgo-stangar.si\/#\/schema\/logo\/image\/\"}}]}<\/script>\n<!-- \/ Yoast SEO plugin. -->","yoast_head_json":{"title":"Verkaufsprogramm - Gostinska oprema KGO","robots":{"index":"index","follow":"follow","max-snippet":"max-snippet:-1","max-image-preview":"max-image-preview:large","max-video-preview":"max-video-preview:-1"},"canonical":"https:\/\/www.kgo-stangar.si\/de\/verkaufsprogramm\/","og_locale":"de_DE","og_type":"article","og_title":"Verkaufsprogramm - Gostinska oprema KGO","og_description":"Verkaufsprogramm Restaurant K\u00fcchenausstattung Restaurantschalter Kundenspezifische Ausr\u00fcstung Haushaltsk\u00fcche aus Edelstahl Sanit\u00e4rkeramik Chirurgische Tr\u00f6ge zum H\u00e4ndewaschen Bodengitter Steckwanne Edelstahlkessel zum Braten von Kastanien Sonderanfertigung Wir passen uns unseren Kunden an und helfen ihnen, den Raum optimal zu nutzen. Haushaltsk\u00fcche aus Edelstahl Restaurantschalter Catering-Schalter Catering gek\u00fchlte K\u00fcchenger\u00e4te Restaurant Pizzaschalter Salatbars &#8211; Schaufenster Mobile K\u00fcchen &#8211; Mobile K\u00fcchen Bodengitter [&hellip;]","og_url":"https:\/\/www.kgo-stangar.si\/de\/verkaufsprogramm\/","og_site_name":"Gostinska oprema KGO","article_modified_time":"2025-02-14T18:07:51+00:00","og_image":[{"url":"https:\/\/www.kgo-stangar.si\/wp-content\/uploads\/2020\/12\/hlajen-retro-pult1.jpg","type":"","width":"","height":""}],"twitter_card":"summary_large_image","schema":{"@context":"https:\/\/schema.org","@graph":[{"@type":"WebPage","@id":"https:\/\/www.kgo-stangar.si\/de\/verkaufsprogramm\/","url":"https:\/\/www.kgo-stangar.si\/de\/verkaufsprogramm\/","name":"Verkaufsprogramm - Gostinska oprema KGO","isPartOf":{"@id":"https:\/\/www.kgo-stangar.si\/#website"},"primaryImageOfPage":{"@id":"https:\/\/www.kgo-stangar.si\/de\/verkaufsprogramm\/#primaryimage"},"image":{"@id":"https:\/\/www.kgo-stangar.si\/de\/verkaufsprogramm\/#primaryimage"},"thumbnailUrl":"https:\/\/www.kgo-stangar.si\/wp-content\/uploads\/2020\/12\/hlajen-retro-pult1.jpg","datePublished":"2021-04-26T11:45:59+00:00","dateModified":"2025-02-14T18:07:51+00:00","breadcrumb":{"@id":"https:\/\/www.kgo-stangar.si\/de\/verkaufsprogramm\/#breadcrumb"},"inLanguage":"de","potentialAction":[{"@type":"ReadAction","target":["https:\/\/www.kgo-stangar.si\/de\/verkaufsprogramm\/"]}]},{"@type":"ImageObject","inLanguage":"de","@id":"https:\/\/www.kgo-stangar.si\/de\/verkaufsprogramm\/#primaryimage","url":"https:\/\/www.kgo-stangar.si\/wp-content\/uploads\/2020\/12\/hlajen-retro-pult1.jpg","contentUrl":"https:\/\/www.kgo-stangar.si\/wp-content\/uploads\/2020\/12\/hlajen-retro-pult1.jpg"},{"@type":"BreadcrumbList","@id":"https:\/\/www.kgo-stangar.si\/de\/verkaufsprogramm\/#breadcrumb","itemListElement":[{"@type":"ListItem","position":1,"name":"Home","item":"https:\/\/www.kgo-stangar.si\/de\/"},{"@type":"ListItem","position":2,"name":"Verkaufsprogramm"}]},{"@type":"WebSite","@id":"https:\/\/www.kgo-stangar.si\/#website","url":"https:\/\/www.kgo-stangar.si\/","name":"Gostinska oprema KGO","description":"KGO \u0160tangar","publisher":{"@id":"https:\/\/www.kgo-stangar.si\/#organization"},"potentialAction":[{"@type":"SearchAction","target":{"@type":"EntryPoint","urlTemplate":"https:\/\/www.kgo-stangar.si\/?s={search_term_string}"},"query-input":{"@type":"PropertyValueSpecification","valueRequired":true,"valueName":"search_term_string"}}],"inLanguage":"de"},{"@type":"Organization","@id":"https:\/\/www.kgo-stangar.si\/#organization","name":"Gostinska oprema KGO","url":"https:\/\/www.kgo-stangar.si\/","logo":{"@type":"ImageObject","inLanguage":"de","@id":"https:\/\/www.kgo-stangar.si\/#\/schema\/logo\/image\/","url":"https:\/\/www.kgo-stangar.si\/wp-content\/uploads\/2021\/04\/kgo-logo-r3-1.png","contentUrl":"https:\/\/www.kgo-stangar.si\/wp-content\/uploads\/2021\/04\/kgo-logo-r3-1.png","width":213,"height":71,"caption":"Gostinska oprema KGO"},"image":{"@id":"https:\/\/www.kgo-stangar.si\/#\/schema\/logo\/image\/"}}]}},"jetpack_sharing_enabled":true,"_links":{"self":[{"href":"https:\/\/www.kgo-stangar.si\/de\/wp-json\/wp\/v2\/pages\/3686","targetHints":{"allow":["GET"]}}],"collection":[{"href":"https:\/\/www.kgo-stangar.si\/de\/wp-json\/wp\/v2\/pages"}],"about":[{"href":"https:\/\/www.kgo-stangar.si\/de\/wp-json\/wp\/v2\/types\/page"}],"author":[{"embeddable":true,"href":"https:\/\/www.kgo-stangar.si\/de\/wp-json\/wp\/v2\/users\/1"}],"replies":[{"embeddable":true,"href":"https:\/\/www.kgo-stangar.si\/de\/wp-json\/wp\/v2\/comments?post=3686"}],"version-history":[{"count":3,"href":"https:\/\/www.kgo-stangar.si\/de\/wp-json\/wp\/v2\/pages\/3686\/revisions"}],"predecessor-version":[{"id":8889,"href":"https:\/\/www.kgo-stangar.si\/de\/wp-json\/wp\/v2\/pages\/3686\/revisions\/8889"}],"wp:attachment":[{"href":"https:\/\/www.kgo-stangar.si\/de\/wp-json\/wp\/v2\/media?parent=3686"}],"curies":[{"name":"wp","href":"https:\/\/api.w.org\/{rel}","templated":true}]}}